{"id":5874,"date":"2019-02-05T11:31:34","date_gmt":"2019-02-05T10:31:34","guid":{"rendered":"http:\/\/www.mietequipment.com\/?page_id=5874"},"modified":"2026-03-27T09:43:18","modified_gmt":"2026-03-27T09:43:18","slug":"leistungen","status":"publish","type":"page","link":"https:\/\/123-stuhlverleih.de\/?page_id=5874","title":{"rendered":"Flammkuchen &#038; Pinsa Catering"},"content":{"rendered":"<div class=\"wpb-content-wrapper\"><p>[vc_row content_text_aligment=&#8220;center&#8220; use_row_as_full_screen_section=&#8220;no&#8220;][vc_column][vc_single_image image=&#8220;7458&#8243; img_size=&#8220;large&#8220; css=&#8220;.vc_custom_1774526218994{padding-top: 22px !important;}&#8220;][vc_column_text css=&#8220;&#8220;]<\/p>\n<h2 class=\"p1\" style=\"text-align: left;\"><span class=\"s1\">Flammkuchen Catering<\/span><\/h2>\n<h3 style=\"text-align: left;\" data-start=\"0\" data-end=\"428\"><strong>Unser mobiler Flammkuchen-Anh\u00e4nger bringt nicht nur knusprigen Genuss, sondern auch echtes Marktplatz-Flair direkt zu dir. <\/strong><\/h3>\n<p style=\"text-align: left;\" data-start=\"0\" data-end=\"428\"><strong>Vor Ort werden die Flammkuchen frisch zubereitet, belegt und ofenwarm serviert. Der Duft von knusprigem Teig, Cr\u00e8me fra\u00eeche und feinen Zutaten liegt in der Luft und zieht deine G\u00e4ste magisch an.<\/strong><\/p>\n<p style=\"text-align: left;\" data-start=\"430\" data-end=\"871\">Ob Hochzeit, Firmenfeier, Geburtstag oder Sommerfest \u2013 unser Flammkuchen-Catering passt sich flexibel deinem Anlass an. Klassisch mit Speck und Zwiebeln oder kreativ italienisch mit saisonalen und vegetarischen Variationen \u2013 hier findet jeder seinen Lieblingsfladen. Unsere Zutaten sind sorgf\u00e4ltig ausgew\u00e4hlt und stehen f\u00fcr Qualit\u00e4t und Geschmack. Der charmante Anh\u00e4nger ist nicht nur K\u00fcche, sondern auch ein echter Hingucker mit rustikalem Charakter.<\/p>\n<p style=\"text-align: left;\" data-start=\"873\" data-end=\"1243\">W\u00e4hrend wir uns um die Zubereitung k\u00fcmmern, kannst du dich ganz auf deine G\u00e4ste konzentrieren. Jeder Flammkuchen wird frisch gebacken und direkt serviert, mit unseren &#8222;Piepsern&#8220; entstehen keine langen Wartezeiten am Stand und jeder wei\u00df wann sein Flammkuchen abholbereit ist.<\/p>\n<p style=\"text-align: left;\" data-start=\"1245\" data-end=\"1525\">Unser Team bringt Erfahrung, Leidenschaft und gute Laune mit. Wir planen gemeinsam mit dir die Auswahl und sorgen f\u00fcr einen reibungslosen Ablauf. Auch gr\u00f6\u00dfere Veranstaltungen sind f\u00fcr uns kein Problem. Der Flammkuchenwagen ben\u00f6tigt nur wenig Platz und ist schnell einsatzbereit.<\/p>\n<p>[\/vc_column_text][vc_gallery interval=&#8220;3&#8243; images=&#8220;7457,7464,7460,7463,7459&#8243; img_size=&#8220;large&#8220; css=&#8220;&#8220;][\/vc_column][\/vc_row]<\/p>\n<\/div>","protected":false},"excerpt":{"rendered":"<p>[vc_row content_text_aligment=&#8220;center&#8220; use_row_as_full_screen_section=&#8220;no&#8220;][vc_column][vc_single_image image=&#8220;7458&#8243; img_size=&#8220;large&#8220; css=&#8220;.vc_custom_1774526218994{padding-top: 22px !important;}&#8220;][vc_column_text css=&#8220;&#8220;] Flammkuchen Catering Unser mobiler Flammkuchen-Anh\u00e4nger bringt nicht nur knusprigen Genuss, sondern auch echtes Marktplatz-Flair direkt zu dir. Vor Ort werden die Flammkuchen frisch zubereitet, belegt und ofenwarm serviert. Der Duft von knusprigem Teig, Cr\u00e8me fra\u00eeche und [&hellip;]<\/p>\n","protected":false},"author":1,"featured_media":7464,"parent":0,"menu_order":0,"comment_status":"closed","ping_status":"closed","template":"","meta":{"footnotes":""},"class_list":["post-5874","page","type-page","status-publish","has-post-thumbnail","hentry"],"_links":{"self":[{"href":"https:\/\/123-stuhlverleih.de\/index.php?rest_route=\/wp\/v2\/pages\/5874","targetHints":{"allow":["GET"]}}],"collection":[{"href":"https:\/\/123-stuhlverleih.de\/index.php?rest_route=\/wp\/v2\/pages"}],"about":[{"href":"https:\/\/123-stuhlverleih.de\/index.php?rest_route=\/wp\/v2\/types\/page"}],"author":[{"embeddable":true,"href":"https:\/\/123-stuhlverleih.de\/index.php?rest_route=\/wp\/v2\/users\/1"}],"replies":[{"embeddable":true,"href":"https:\/\/123-stuhlverleih.de\/index.php?rest_route=%2Fwp%2Fv2%2Fcomments&post=5874"}],"version-history":[{"count":23,"href":"https:\/\/123-stuhlverleih.de\/index.php?rest_route=\/wp\/v2\/pages\/5874\/revisions"}],"predecessor-version":[{"id":7483,"href":"https:\/\/123-stuhlverleih.de\/index.php?rest_route=\/wp\/v2\/pages\/5874\/revisions\/7483"}],"wp:featuredmedia":[{"embeddable":true,"href":"https:\/\/123-stuhlverleih.de\/index.php?rest_route=\/wp\/v2\/media\/7464"}],"wp:attachment":[{"href":"https:\/\/123-stuhlverleih.de\/index.php?rest_route=%2Fwp%2Fv2%2Fmedia&parent=5874"}],"curies":[{"name":"wp","href":"https:\/\/api.w.org\/{rel}","templated":true}]}}