{"id":5423,"date":"2019-02-05T11:14:14","date_gmt":"2019-02-05T10:14:14","guid":{"rendered":"http:\/\/www.mietequipment.com\/produkt\/import-placeholder-for-462\/"},"modified":"2019-02-05T11:14:14","modified_gmt":"2019-02-05T10:14:14","slug":"stuhltransportwagen-2","status":"publish","type":"product","link":"https:\/\/123-stuhlverleih.de\/?product=stuhltransportwagen-2","title":{"rendered":"Stuhltransportwagen"},"content":{"rendered":"<div class=\"commerce-product-field commerce-product-field-field-verpackungseinheit field-field-verpackungseinheit node-5713-product-field-verpackungseinheit\">\n<div class=\"field field-name-field-verpackungseinheit field-type-number-integer field-label-above\">\n<div class=\"field-label\"><strong>Verpackungseinheit:\u00a0<\/strong><\/div>\n<div class=\"field-items\">\n<div class=\"field-item even\">1 St\u00fcck<\/div>\n<\/div>\n<\/div>\n<\/div>\n<div class=\"commerce-product-field commerce-product-field-field-wiederbeschaffungskosten field-field-wiederbeschaffungskosten node-5713-product-field-wiederbeschaffungskosten\">\n<div class=\"field field-name-field-wiederbeschaffungskosten field-type-commerce-price field-label-above\">\n<div><\/div>\n<div class=\"field-label\"><strong>Wiederbeschaffungskosten:\u00a0<\/strong><\/div>\n<div class=\"field-items\">\n<div class=\"field-item even\">195.00\u00a0\u20ac<\/div>\n<\/div>\n<\/div>\n<\/div>\n<div class=\"commerce-product-field commerce-product-field-field-gewicht field-field-gewicht node-5713-product-field-gewicht commerce-product-field-empty\"><\/div>\n<div class=\"commerce-product-field commerce-product-field-field-auf-abbau field-field-auf-abbau node-5713-product-field-auf-abbau\">\n<div class=\"field field-name-field-auf-abbau field-type-list-text field-label-above\">\n<div class=\"field-label\"><strong>Auf-\/Abbau:\u00a0<\/strong><\/div>\n<div class=\"field-items\">\n<div class=\"field-item even\">Artikel wird selbst aufgebaut<\/div>\n<\/div>\n<\/div>\n<\/div>\n","protected":false},"excerpt":{"rendered":"<p>Praktischer Stuhltransportwagen mit breiten Luftreifen (Sackkarre) erleichtert das verfahren, verteilen von bis zu 14 gestapelten Bankettst\u00fchlen auf nahezu jedem Untergrund.<\/p>\n<p>Auch das \u00dcberwinden von niedrigen Stufen, Abs\u00e4tzen oder T\u00fcrschwellen ist aufgrund der gro\u00dfen Reifen kein Problem<\/p>\n<p>Ein Stuhlwagen pro 200 gemieteter Bankettst\u00fchle Optimal ist kostenfrei.<\/p>\n<p>Zu mieten, Vermietung, Verleih ab Lager W\u00fcrzburg, Frankfurt, N\u00fcrnberg, Stuttgart, K\u00f6ln, M\u00fcnchen<br \/>\nIdeal f\u00fcr Hochzeit, Gala, Bankett, Lounge, Bar, Event, Firmenveranstaltung&#8230;<\/p>\n<p>&nbsp;<\/p>\n","protected":false},"featured_media":5459,"template":"","meta":[],"product_brand":[],"product_cat":[100,122],"product_tag":[62,107,136],"class_list":{"0":"post-5423","1":"product","2":"type-product","3":"status-publish","4":"has-post-thumbnail","6":"product_cat-mietmobiliar","7":"product_cat-stuehle","8":"product_tag-furniture","9":"product_tag-office","10":"product_tag-vase","12":"first","13":"instock","14":"taxable","15":"shipping-taxable","16":"purchasable","17":"product-type-simple"},"_links":{"self":[{"href":"https:\/\/123-stuhlverleih.de\/index.php?rest_route=\/wp\/v2\/product\/5423","targetHints":{"allow":["GET"]}}],"collection":[{"href":"https:\/\/123-stuhlverleih.de\/index.php?rest_route=\/wp\/v2\/product"}],"about":[{"href":"https:\/\/123-stuhlverleih.de\/index.php?rest_route=\/wp\/v2\/types\/product"}],"wp:featuredmedia":[{"embeddable":true,"href":"https:\/\/123-stuhlverleih.de\/index.php?rest_route=\/wp\/v2\/media\/5459"}],"wp:attachment":[{"href":"https:\/\/123-stuhlverleih.de\/index.php?rest_route=%2Fwp%2Fv2%2Fmedia&parent=5423"}],"wp:term":[{"taxonomy":"product_brand","embeddable":true,"href":"https:\/\/123-stuhlverleih.de\/index.php?rest_route=%2Fwp%2Fv2%2Fproduct_brand&post=5423"},{"taxonomy":"product_cat","embeddable":true,"href":"https:\/\/123-stuhlverleih.de\/index.php?rest_route=%2Fwp%2Fv2%2Fproduct_cat&post=5423"},{"taxonomy":"product_tag","embeddable":true,"href":"https:\/\/123-stuhlverleih.de\/index.php?rest_route=%2Fwp%2Fv2%2Fproduct_tag&post=5423"}],"curies":[{"name":"wp","href":"https:\/\/api.w.org\/{rel}","templated":true}]}}