{"id":5434,"date":"2019-02-05T11:14:16","date_gmt":"2019-02-05T10:14:16","guid":{"rendered":"http:\/\/www.mietequipment.com\/produkt\/import-placeholder-for-587\/"},"modified":"2019-02-05T11:14:16","modified_gmt":"2019-02-05T10:14:16","slug":"hochtisch-brueckentisch-weiss-120x60cm-2","status":"publish","type":"product","link":"https:\/\/123-stuhlverleih.de\/?product=hochtisch-brueckentisch-weiss-120x60cm-2","title":{"rendered":"Hochtisch, Br\u00fcckentisch wei\u00df 120x60cm"},"content":{"rendered":"<p><strong>Ma\u00dfe:<\/strong><br \/>\nH\u00f6he: ca. 105cm<br \/>\nBreite: 60cm<br \/>\nL\u00e4nge:120cm<br \/>\nTischplatte: MDF Lackiert, beschichtet Farbe wei\u00df<br \/>\nGestell: Edelstahl, stapelbar<\/p>\n<div class=\"commerce-product-field commerce-product-field-field-verpackungseinheit field-field-verpackungseinheit node-5719-product-field-verpackungseinheit\">\n<div class=\"field field-name-field-verpackungseinheit field-type-number-integer field-label-above\">\n<div class=\"field-label\"><strong>Verpackungseinheit<\/strong>:<\/div>\n<div class=\"field-items\">\n<div class=\"field-item even\">1 St\u00fcck<\/div>\n<\/div>\n<\/div>\n<\/div>\n<div class=\"commerce-product-field commerce-product-field-field-wiederbeschaffungskosten field-field-wiederbeschaffungskosten node-5719-product-field-wiederbeschaffungskosten\">\n<div class=\"field field-name-field-wiederbeschaffungskosten field-type-commerce-price field-label-above\">\n<div><\/div>\n<div class=\"field-label\"><strong>Wiederbeschaffungskosten<\/strong>:<\/div>\n<div class=\"field-items\">\n<div class=\"field-item even\">379.00\u00a0\u20ac<\/div>\n<\/div>\n<\/div>\n<\/div>\n<div class=\"commerce-product-field commerce-product-field-field-gewicht field-field-gewicht node-5719-product-field-gewicht\">\n<div class=\"field field-name-field-gewicht field-type-number-decimal field-label-above\">\n<div class=\"field-item even\"><\/div>\n<\/div>\n<\/div>\n<div class=\"commerce-product-field commerce-product-field-field-auf-abbau field-field-auf-abbau node-5719-product-field-auf-abbau\">\n<div class=\"field field-name-field-auf-abbau field-type-list-text field-label-above\">\n<div class=\"field-label\"><strong>Auf-\/Abbau:\u00a0<\/strong><\/div>\n<div class=\"field-items\">\n<div class=\"field-item even\">Artikel wird selbst aufgebaut<\/div>\n<\/div>\n<\/div>\n<\/div>\n","protected":false},"excerpt":{"rendered":"<p>Hochtisch, Br\u00fcckentisch, High Dining Table, Bartisch<\/p>\n<p>Der formsch\u00f6ne und schlichte Hochtisch\/Br\u00fcckentisch passt in jede Veranstaltungsumgebung. Hochtische verleihen Ihrer Veranstaltung Eventcharakter und bieten eine echte Alternative zum klassischen Stehtisch mit Stretchhusse.<\/p>\n<p>Der Tisch wird in zwei Teilen geliefert und ist binnen 60 Sekunden montiert und einsatzbereit.<br \/>\nKeine Schrauben oder Verbinder n\u00f6tig.<\/p>\n<p>&nbsp;<\/p>\n","protected":false},"featured_media":5511,"template":"","meta":[],"product_brand":[],"product_cat":[100,130],"product_tag":[],"class_list":{"0":"post-5434","1":"product","2":"type-product","3":"status-publish","4":"has-post-thumbnail","6":"product_cat-mietmobiliar","7":"product_cat-tische","9":"first","10":"instock","11":"taxable","12":"shipping-taxable","13":"purchasable","14":"product-type-simple"},"_links":{"self":[{"href":"https:\/\/123-stuhlverleih.de\/index.php?rest_route=\/wp\/v2\/product\/5434","targetHints":{"allow":["GET"]}}],"collection":[{"href":"https:\/\/123-stuhlverleih.de\/index.php?rest_route=\/wp\/v2\/product"}],"about":[{"href":"https:\/\/123-stuhlverleih.de\/index.php?rest_route=\/wp\/v2\/types\/product"}],"wp:featuredmedia":[{"embeddable":true,"href":"https:\/\/123-stuhlverleih.de\/index.php?rest_route=\/wp\/v2\/media\/5511"}],"wp:attachment":[{"href":"https:\/\/123-stuhlverleih.de\/index.php?rest_route=%2Fwp%2Fv2%2Fmedia&parent=5434"}],"wp:term":[{"taxonomy":"product_brand","embeddable":true,"href":"https:\/\/123-stuhlverleih.de\/index.php?rest_route=%2Fwp%2Fv2%2Fproduct_brand&post=5434"},{"taxonomy":"product_cat","embeddable":true,"href":"https:\/\/123-stuhlverleih.de\/index.php?rest_route=%2Fwp%2Fv2%2Fproduct_cat&post=5434"},{"taxonomy":"product_tag","embeddable":true,"href":"https:\/\/123-stuhlverleih.de\/index.php?rest_route=%2Fwp%2Fv2%2Fproduct_tag&post=5434"}],"curies":[{"name":"wp","href":"https:\/\/api.w.org\/{rel}","templated":true}]}}