{"id":5436,"date":"2019-02-05T11:14:16","date_gmt":"2019-02-05T10:14:16","guid":{"rendered":"http:\/\/www.mietequipment.com\/produkt\/import-placeholder-for-1124\/"},"modified":"2019-02-05T11:14:16","modified_gmt":"2019-02-05T10:14:16","slug":"kinderhochstuhl-2","status":"publish","type":"product","link":"https:\/\/123-stuhlverleih.de\/?product=kinderhochstuhl-2","title":{"rendered":"Kinderhochstuhl"},"content":{"rendered":"<p>Material Sitzschale : Kunsstoff wei\u00df<br \/>\nGestell: Stahl, Pulverbeschichtet grau<\/p>\n<p>Breite: 58 cm<br \/>\nH\u00f6he: 90 cm<br \/>\nSitzh\u00f6he: 55 cm<br \/>\nSitztiefe: 21 cm<\/p>\n<p>Zu mieten, Vermietung, Verleih ab Lager W\u00fcrzburg, Frankfurt, N\u00fcrnberg, Stuttgart, K\u00f6ln, M\u00fcnchen.<\/p>\n<div class=\"commerce-product-field commerce-product-field-field-verpackungseinheit field-field-verpackungseinheit node-5711-product-field-verpackungseinheit\">\n<div class=\"field field-name-field-verpackungseinheit field-type-number-integer field-label-above\">\n<div class=\"field-label\"><strong>Verpackungseinheit:\u00a0<\/strong><\/div>\n<div class=\"field-items\">\n<div class=\"field-item even\">1 St\u00fcck<\/div>\n<\/div>\n<\/div>\n<\/div>\n<div class=\"commerce-product-field commerce-product-field-field-wiederbeschaffungskosten field-field-wiederbeschaffungskosten node-5711-product-field-wiederbeschaffungskosten\">\n<div class=\"field field-name-field-wiederbeschaffungskosten field-type-commerce-price field-label-above\">\n<div><\/div>\n<div class=\"field-label\"><strong>Wiederbeschaffungskosten<\/strong>:<\/div>\n<div class=\"field-items\">\n<div class=\"field-item even\">25.00\u00a0\u20ac<\/div>\n<\/div>\n<\/div>\n<\/div>\n<div><\/div>\n<div class=\"commerce-product-field commerce-product-field-field-gewicht field-field-gewicht node-5711-product-field-gewicht commerce-product-field-empty\"><strong>Auf-\/Abbau:\u00a0<\/strong><\/div>\n<div class=\"commerce-product-field commerce-product-field-field-auf-abbau field-field-auf-abbau node-5711-product-field-auf-abbau\">\n<div class=\"field field-name-field-auf-abbau field-type-list-text field-label-above\">\n<div class=\"field-items\">\n<div class=\"field-item even\">Artikel wird selbst aufgebaut<\/div>\n<\/div>\n<\/div>\n<\/div>\n","protected":false},"excerpt":{"rendered":"<p>Praktischer Kinderhochstuhl aus Kunsstoff Farbe wei\u00df<\/p>\n<p>Bequemes und sicheres Sitzen f\u00fcr Kinder an Banketttischen aller Art.<br \/>\nIdeal f\u00fcr Hochzeit, Gala, Bankett, Lounge, Bar, Event, Firmenveranstaltung&#8230;<\/p>\n","protected":false},"featured_media":5516,"template":"","meta":[],"product_brand":[],"product_cat":[100,122],"product_tag":[],"class_list":{"0":"post-5436","1":"product","2":"type-product","3":"status-publish","4":"has-post-thumbnail","6":"product_cat-mietmobiliar","7":"product_cat-stuehle","9":"first","10":"instock","11":"taxable","12":"shipping-taxable","13":"purchasable","14":"product-type-simple"},"_links":{"self":[{"href":"https:\/\/123-stuhlverleih.de\/index.php?rest_route=\/wp\/v2\/product\/5436","targetHints":{"allow":["GET"]}}],"collection":[{"href":"https:\/\/123-stuhlverleih.de\/index.php?rest_route=\/wp\/v2\/product"}],"about":[{"href":"https:\/\/123-stuhlverleih.de\/index.php?rest_route=\/wp\/v2\/types\/product"}],"wp:featuredmedia":[{"embeddable":true,"href":"https:\/\/123-stuhlverleih.de\/index.php?rest_route=\/wp\/v2\/media\/5516"}],"wp:attachment":[{"href":"https:\/\/123-stuhlverleih.de\/index.php?rest_route=%2Fwp%2Fv2%2Fmedia&parent=5436"}],"wp:term":[{"taxonomy":"product_brand","embeddable":true,"href":"https:\/\/123-stuhlverleih.de\/index.php?rest_route=%2Fwp%2Fv2%2Fproduct_brand&post=5436"},{"taxonomy":"product_cat","embeddable":true,"href":"https:\/\/123-stuhlverleih.de\/index.php?rest_route=%2Fwp%2Fv2%2Fproduct_cat&post=5436"},{"taxonomy":"product_tag","embeddable":true,"href":"https:\/\/123-stuhlverleih.de\/index.php?rest_route=%2Fwp%2Fv2%2Fproduct_tag&post=5436"}],"curies":[{"name":"wp","href":"https:\/\/api.w.org\/{rel}","templated":true}]}}