{"id":5438,"date":"2019-02-05T11:14:16","date_gmt":"2019-02-05T10:14:16","guid":{"rendered":"http:\/\/www.mietequipment.com\/produkt\/import-placeholder-for-1126\/"},"modified":"2019-02-05T11:14:16","modified_gmt":"2019-02-05T10:14:16","slug":"bankettstuhl-optimal-2","status":"publish","type":"product","link":"https:\/\/123-stuhlverleih.de\/?product=bankettstuhl-optimal-2","title":{"rendered":"Bankettstuhl &#8222;Optimal&#8220;"},"content":{"rendered":"<p><strong>Abmessungen:<\/strong><\/p>\n<p>&#8211; Sitzh\u00f6he: 47 cm<br \/>\n&#8211; Sitzbreite: 44 cm<br \/>\n&#8211; Gesamth\u00f6he: 94 cm<br \/>\n&#8211; Tiefe: 58 cm<\/p>\n","protected":false},"excerpt":{"rendered":"<p><strong>Farbe: schwarz mit goldenen Punkten<\/strong><br \/>\nDie St\u00fchle sind an Sitzfl\u00e4che und R\u00fcckenlehne gepolstert und sind stapelbar.<br \/>\nDas Gestell ist aus vierkantstahl und der Polsterbezug aus Stoff<\/p>\n<p>Die passenden Hussen, Stuhlhussen gibt es ebenfalls ab 2,90 \u20ac zu mieten.<\/p>\n","protected":false},"featured_media":5518,"template":"","meta":[],"product_brand":[],"product_cat":[100,122],"product_tag":[],"class_list":{"0":"post-5438","1":"product","2":"type-product","3":"status-publish","4":"has-post-thumbnail","6":"product_cat-mietmobiliar","7":"product_cat-stuehle","9":"first","10":"instock","11":"taxable","12":"shipping-taxable","13":"purchasable","14":"product-type-simple"},"_links":{"self":[{"href":"https:\/\/123-stuhlverleih.de\/index.php?rest_route=\/wp\/v2\/product\/5438","targetHints":{"allow":["GET"]}}],"collection":[{"href":"https:\/\/123-stuhlverleih.de\/index.php?rest_route=\/wp\/v2\/product"}],"about":[{"href":"https:\/\/123-stuhlverleih.de\/index.php?rest_route=\/wp\/v2\/types\/product"}],"wp:featuredmedia":[{"embeddable":true,"href":"https:\/\/123-stuhlverleih.de\/index.php?rest_route=\/wp\/v2\/media\/5518"}],"wp:attachment":[{"href":"https:\/\/123-stuhlverleih.de\/index.php?rest_route=%2Fwp%2Fv2%2Fmedia&parent=5438"}],"wp:term":[{"taxonomy":"product_brand","embeddable":true,"href":"https:\/\/123-stuhlverleih.de\/index.php?rest_route=%2Fwp%2Fv2%2Fproduct_brand&post=5438"},{"taxonomy":"product_cat","embeddable":true,"href":"https:\/\/123-stuhlverleih.de\/index.php?rest_route=%2Fwp%2Fv2%2Fproduct_cat&post=5438"},{"taxonomy":"product_tag","embeddable":true,"href":"https:\/\/123-stuhlverleih.de\/index.php?rest_route=%2Fwp%2Fv2%2Fproduct_tag&post=5438"}],"curies":[{"name":"wp","href":"https:\/\/api.w.org\/{rel}","templated":true}]}}