{"id":5441,"date":"2019-02-05T11:14:17","date_gmt":"2019-02-05T10:14:17","guid":{"rendered":"http:\/\/www.mietequipment.com\/produkt\/import-placeholder-for-5413\/"},"modified":"2019-02-05T11:14:17","modified_gmt":"2019-02-05T10:14:17","slug":"stuhlhusse-weiss-optimal-2","status":"publish","type":"product","link":"https:\/\/123-stuhlverleih.de\/?product=stuhlhusse-weiss-optimal-2","title":{"rendered":"Stuhlhusse wei\u00df &#8222;Optimal&#8220;"},"content":{"rendered":"<p><strong>Daten:<\/strong><br \/>\n<strong>Farbe: <\/strong>Wei\u00df<\/p>\n<p><strong>Ma\u00dfe:<br \/>\n<\/strong>Gesamth\u00f6he: 94 cm<br \/>\nSitzbreite: 44 cm<br \/>\nSitzh\u00f6he: 47 cm<br \/>\nMaterial: 90% Polyester<br \/>\n10% Elastan<\/p>\n<p>Die Reinigung ist bei Normaler Verschmutzung im Mietpreis enthalten<\/p>\n","protected":false},"excerpt":{"rendered":"<p>Stuhlhusse wei\u00df &#8222;Optimal&#8220; f\u00fcr Bankettstuhl Optimal inkl. Reinigung<\/p>\n<p>Elegante Stuhlhusse im schlichten, edlen Design schmiegt sich perfekt an den Bankettstuhl optimal an.<br \/>\nDie Husse passt sich perfekt an R\u00fcckenlehne und Sitzfl\u00e4che an, l\u00e4uft locker fallend \u00fcber die Stuhlbeine aus.<\/p>\n<p>&nbsp;<\/p>\n","protected":false},"featured_media":5526,"template":"","meta":[],"product_brand":[],"product_cat":[163,100],"product_tag":[],"class_list":{"0":"post-5441","1":"product","2":"type-product","3":"status-publish","4":"has-post-thumbnail","6":"product_cat-hussen","7":"product_cat-mietmobiliar","9":"first","10":"instock","11":"taxable","12":"shipping-taxable","13":"purchasable","14":"product-type-simple"},"_links":{"self":[{"href":"https:\/\/123-stuhlverleih.de\/index.php?rest_route=\/wp\/v2\/product\/5441","targetHints":{"allow":["GET"]}}],"collection":[{"href":"https:\/\/123-stuhlverleih.de\/index.php?rest_route=\/wp\/v2\/product"}],"about":[{"href":"https:\/\/123-stuhlverleih.de\/index.php?rest_route=\/wp\/v2\/types\/product"}],"wp:featuredmedia":[{"embeddable":true,"href":"https:\/\/123-stuhlverleih.de\/index.php?rest_route=\/wp\/v2\/media\/5526"}],"wp:attachment":[{"href":"https:\/\/123-stuhlverleih.de\/index.php?rest_route=%2Fwp%2Fv2%2Fmedia&parent=5441"}],"wp:term":[{"taxonomy":"product_brand","embeddable":true,"href":"https:\/\/123-stuhlverleih.de\/index.php?rest_route=%2Fwp%2Fv2%2Fproduct_brand&post=5441"},{"taxonomy":"product_cat","embeddable":true,"href":"https:\/\/123-stuhlverleih.de\/index.php?rest_route=%2Fwp%2Fv2%2Fproduct_cat&post=5441"},{"taxonomy":"product_tag","embeddable":true,"href":"https:\/\/123-stuhlverleih.de\/index.php?rest_route=%2Fwp%2Fv2%2Fproduct_tag&post=5441"}],"curies":[{"name":"wp","href":"https:\/\/api.w.org\/{rel}","templated":true}]}}