{"id":5494,"date":"2019-02-05T11:14:41","date_gmt":"2019-02-05T10:14:41","guid":{"rendered":"http:\/\/www.mietequipment.com\/produkt\/import-placeholder-for-5461\/"},"modified":"2019-02-05T11:14:41","modified_gmt":"2019-02-05T10:14:41","slug":"bar-easy-weiss-rgb-led-2","status":"publish","type":"product","link":"https:\/\/123-stuhlverleih.de\/?product=bar-easy-weiss-rgb-led-2","title":{"rendered":"Bar Easy wei\u00df, RGB LED"},"content":{"rendered":"<p><strong>Farbe wei\u00df<\/strong><br \/>\n<strong>Gesamth\u00f6he:<\/strong> ca. 104 cm<br \/>\n<strong>Thekenteilma\u00dfe:<\/strong> 25cmx202cm<br \/>\n<strong>Arbeitsfl\u00e4che<\/strong> ca. 50Cmx200cm h\u00f6he ca. 80cm<br \/>\n<strong>Material:<\/strong> Alu, Plexiglas, MDF, Siebdruckplatte<\/p>\n<p>Die Reinigung ist bei Normaler Verschmutzung im Mietpreis enthalten<br \/>\nZu mieten, Vermietung, Verleih ab Lager W\u00fcrzburg, Frankfurt, N\u00fcrnberg, Stuttgart, K\u00f6ln, M\u00fcnchen<\/p>\n<p><strong>Verpackungseinheit:<\/strong><br \/>\n1 St\u00fcck<\/p>\n<p><strong>Wiederbeschaffungskosten: <\/strong><br \/>\n450.00 \u20ac<\/p>\n<p><strong>Gewicht: <\/strong><br \/>\n25.00 kg<\/p>\n<p><strong>A<\/strong><strong>uf-\/Abbau: <\/strong><br \/>\nArtikel wird selbst aufgebaut<\/p>\n","protected":false},"excerpt":{"rendered":"<p>Formsch\u00f6nes, praktisches, beleuchtetes Tresenelement. Die Farbe l\u00e4\u00dft sich per LED RGB Steuerung individuell anpassen. Durch das verbinden mehrerer Einzelelemte lassen sich lange Theken realisieren.<\/p>\n<p>Ideal f\u00fcr Hochzeit, Gala, Bankett, Lounge, Bar, Event, Firmenveranstaltung&#8230;<\/p>\n","protected":false},"featured_media":0,"template":"","meta":[],"product_brand":[],"product_cat":[100,129],"product_tag":[],"class_list":{"0":"post-5494","1":"product","2":"type-product","3":"status-publish","5":"product_cat-mietmobiliar","6":"product_cat-thekenelemente-bar","8":"first","9":"instock","10":"taxable","11":"shipping-taxable","12":"purchasable","13":"product-type-simple"},"_links":{"self":[{"href":"https:\/\/123-stuhlverleih.de\/index.php?rest_route=\/wp\/v2\/product\/5494","targetHints":{"allow":["GET"]}}],"collection":[{"href":"https:\/\/123-stuhlverleih.de\/index.php?rest_route=\/wp\/v2\/product"}],"about":[{"href":"https:\/\/123-stuhlverleih.de\/index.php?rest_route=\/wp\/v2\/types\/product"}],"wp:attachment":[{"href":"https:\/\/123-stuhlverleih.de\/index.php?rest_route=%2Fwp%2Fv2%2Fmedia&parent=5494"}],"wp:term":[{"taxonomy":"product_brand","embeddable":true,"href":"https:\/\/123-stuhlverleih.de\/index.php?rest_route=%2Fwp%2Fv2%2Fproduct_brand&post=5494"},{"taxonomy":"product_cat","embeddable":true,"href":"https:\/\/123-stuhlverleih.de\/index.php?rest_route=%2Fwp%2Fv2%2Fproduct_cat&post=5494"},{"taxonomy":"product_tag","embeddable":true,"href":"https:\/\/123-stuhlverleih.de\/index.php?rest_route=%2Fwp%2Fv2%2Fproduct_tag&post=5494"}],"curies":[{"name":"wp","href":"https:\/\/api.w.org\/{rel}","templated":true}]}}