{"id":5497,"date":"2019-02-05T11:14:42","date_gmt":"2019-02-05T10:14:42","guid":{"rendered":"http:\/\/www.mietequipment.com\/produkt\/import-placeholder-for-5465\/"},"modified":"2019-02-05T11:14:42","modified_gmt":"2019-02-05T10:14:42","slug":"rueckteilwand-lager-fuer-bar-alutruss-single-molton-3mx1m-h25m-2","status":"publish","type":"product","link":"https:\/\/123-stuhlverleih.de\/?product=rueckteilwand-lager-fuer-bar-alutruss-single-molton-3mx1m-h25m-2","title":{"rendered":"R\u00fcckteilwand\/Lager f\u00fcr Bar Alutruss Single\/Molton, 3mx1m h=2,5m"},"content":{"rendered":"<p><strong>Farbe:Front schwarz<br \/>\nGesamth\u00f6he:<\/strong> ca. 250 cm<br \/>\n<strong>Stellfl\u00e4che:<\/strong> 100x300cm<br \/>\n<strong>Material:<\/strong> B\u00fchnenmolton, Spanfixe, Alutruss Quicklock Singlepipe<\/p>\n<p>Die Reinigung ist bei Normaler Verschmutzung im Mietpreis enthalten<br \/>\nZu mieten, Vermietung, Verleih ab Lager W\u00fcrzburg, Frankfurt, N\u00fcrnberg, Stuttgart, K\u00f6ln, M\u00fcnchen<\/p>\n<p><strong>Verpackungseinheit: <\/strong><br \/>\n1 St\u00fcck<\/p>\n<div class=\"commerce-product-field commerce-product-field-field-wiederbeschaffungskosten field-field-wiederbeschaffungskosten node-5740-product-field-wiederbeschaffungskosten\">\n<div class=\"field field-name-field-wiederbeschaffungskosten field-type-commerce-price field-label-above\">\n<div class=\"field-label\"><strong>Wiederbeschaffungskosten:\u00a0<\/strong><\/div>\n<div class=\"field-items\">\n<div class=\"field-item even\">1,000.00\u00a0\u20ac<\/div>\n<\/div>\n<\/div>\n<\/div>\n<div class=\"commerce-product-field commerce-product-field-field-gewicht field-field-gewicht node-5740-product-field-gewicht\">\n<div class=\"field field-name-field-gewicht field-type-number-decimal field-label-above\">\n<div><\/div>\n<div class=\"field-label\"><strong>Gewicht:\u00a0<\/strong><\/div>\n<div class=\"field-items\">\n<div class=\"field-item even\">50.00 kg<\/div>\n<\/div>\n<\/div>\n<\/div>\n<div class=\"commerce-product-field commerce-product-field-field-auf-abbau field-field-auf-abbau node-5740-product-field-auf-abbau\">\n<div class=\"field field-name-field-auf-abbau field-type-list-text field-label-above\">\n<div><\/div>\n<div class=\"field-label\"><strong>Auf-\/Abbau:\u00a0<\/strong><\/div>\n<div class=\"field-items\">\n<div class=\"field-item even\">Artikel wird selbst aufgebaut<\/div>\n<\/div>\n<\/div>\n<\/div>\n","protected":false},"excerpt":{"rendered":"<p>Schnell montierbare R\u00fcckwandl\u00f6sung f\u00fcr Theken. Einhausung aus Alutruss und B\u00fchnenmolton. Das Thekenteil setzt sich besser ab, die Fl\u00e4che in der Einhausung kann ideal als Lagerraum f\u00fcr Nachschub, zus\u00e4tzliche K\u00fchlschr\u00e4nke, Gl\u00e4serracks und andere Dinge die sonst ein ordentliches Erscheinungsbild der Theke verhindern, benutzt werden.\u00a0Ideal f\u00fcr Hochzeit, Gala, Bankett, Lounge, Bar, Event, Firmenveranstaltung&#8230;<\/p>\n","protected":false},"featured_media":0,"template":"","meta":[],"product_brand":[],"product_cat":[100,129],"product_tag":[],"class_list":{"0":"post-5497","1":"product","2":"type-product","3":"status-publish","5":"product_cat-mietmobiliar","6":"product_cat-thekenelemente-bar","8":"first","9":"instock","10":"taxable","11":"shipping-taxable","12":"purchasable","13":"product-type-simple"},"_links":{"self":[{"href":"https:\/\/123-stuhlverleih.de\/index.php?rest_route=\/wp\/v2\/product\/5497","targetHints":{"allow":["GET"]}}],"collection":[{"href":"https:\/\/123-stuhlverleih.de\/index.php?rest_route=\/wp\/v2\/product"}],"about":[{"href":"https:\/\/123-stuhlverleih.de\/index.php?rest_route=\/wp\/v2\/types\/product"}],"wp:attachment":[{"href":"https:\/\/123-stuhlverleih.de\/index.php?rest_route=%2Fwp%2Fv2%2Fmedia&parent=5497"}],"wp:term":[{"taxonomy":"product_brand","embeddable":true,"href":"https:\/\/123-stuhlverleih.de\/index.php?rest_route=%2Fwp%2Fv2%2Fproduct_brand&post=5497"},{"taxonomy":"product_cat","embeddable":true,"href":"https:\/\/123-stuhlverleih.de\/index.php?rest_route=%2Fwp%2Fv2%2Fproduct_cat&post=5497"},{"taxonomy":"product_tag","embeddable":true,"href":"https:\/\/123-stuhlverleih.de\/index.php?rest_route=%2Fwp%2Fv2%2Fproduct_tag&post=5497"}],"curies":[{"name":"wp","href":"https:\/\/api.w.org\/{rel}","templated":true}]}}