{"id":5500,"date":"2019-02-05T11:14:42","date_gmt":"2019-02-05T10:14:42","guid":{"rendered":"http:\/\/www.mietequipment.com\/produkt\/import-placeholder-for-5469\/"},"modified":"2019-02-05T11:14:42","modified_gmt":"2019-02-05T10:14:42","slug":"40x-kleiderbuegel-schwarz-2","status":"publish","type":"product","link":"https:\/\/123-stuhlverleih.de\/?product=40x-kleiderbuegel-schwarz-2","title":{"rendered":"40x Kleiderb\u00fcgel, schwarz"},"content":{"rendered":"<p><strong>Kleiderb\u00fcgel aus Kunsstoff schwarz<\/strong><\/p>\n<p>Zu mieten, Vermietung, Verleih ab Lager W\u00fcrzburg, Frankfurt, N\u00fcrnberg, Stuttgart, K\u00f6ln, M\u00fcnchen<\/p>\n<div class=\"commerce-product-field commerce-product-field-field-verpackungseinheit field-field-verpackungseinheit node-5743-product-field-verpackungseinheit\">\n<div class=\"field field-name-field-verpackungseinheit field-type-number-integer field-label-above\">\n<div class=\"field-label\"><strong>Verpackungseinheit:\u00a0<\/strong><\/div>\n<div class=\"field-items\">\n<div class=\"field-item even\">50 St\u00fcck<\/div>\n<\/div>\n<\/div>\n<\/div>\n<div class=\"commerce-product-field commerce-product-field-field-wiederbeschaffungskosten field-field-wiederbeschaffungskosten node-5743-product-field-wiederbeschaffungskosten\">\n<div class=\"field field-name-field-wiederbeschaffungskosten field-type-commerce-price field-label-above\">\n<div><\/div>\n<div class=\"field-label\"><strong>Wiederbeschaffungskosten:\u00a0<\/strong><\/div>\n<div class=\"field-items\">\n<div class=\"field-item even\">1.50\u00a0\u20ac<\/div>\n<\/div>\n<\/div>\n<\/div>\n<div class=\"commerce-product-field commerce-product-field-field-gewicht field-field-gewicht node-5743-product-field-gewicht commerce-product-field-empty\"><\/div>\n<div class=\"commerce-product-field commerce-product-field-field-auf-abbau field-field-auf-abbau node-5743-product-field-auf-abbau\">\n<div class=\"field field-name-field-auf-abbau field-type-list-text field-label-above\">\n<div class=\"field-label\"><strong>Auf-\/Abbau:\u00a0<\/strong><\/div>\n<div class=\"field-items\">\n<div class=\"field-item even\">Artikel wird selbst aufgebaut<\/div>\n<\/div>\n<\/div>\n<\/div>\n","protected":false},"excerpt":{"rendered":"<p>40 Kleiderb\u00fcgel f\u00fcr Garderobe<br \/>\n40 Kleiderb\u00fcgel f\u00fcr Veranstaltungen<\/p>\n<p>Ideal f\u00fcr Hochzeit, Gala, Bankett, Lounge, Bar, Event, Firmenveranstaltung&#8230;<\/p>\n","protected":false},"featured_media":0,"template":"","meta":[],"product_brand":[],"product_cat":[162,100],"product_tag":[],"class_list":{"0":"post-5500","1":"product","2":"type-product","3":"status-publish","5":"product_cat-garderobe","6":"product_cat-mietmobiliar","8":"first","9":"instock","10":"taxable","11":"shipping-taxable","12":"purchasable","13":"product-type-simple"},"_links":{"self":[{"href":"https:\/\/123-stuhlverleih.de\/index.php?rest_route=\/wp\/v2\/product\/5500","targetHints":{"allow":["GET"]}}],"collection":[{"href":"https:\/\/123-stuhlverleih.de\/index.php?rest_route=\/wp\/v2\/product"}],"about":[{"href":"https:\/\/123-stuhlverleih.de\/index.php?rest_route=\/wp\/v2\/types\/product"}],"wp:attachment":[{"href":"https:\/\/123-stuhlverleih.de\/index.php?rest_route=%2Fwp%2Fv2%2Fmedia&parent=5500"}],"wp:term":[{"taxonomy":"product_brand","embeddable":true,"href":"https:\/\/123-stuhlverleih.de\/index.php?rest_route=%2Fwp%2Fv2%2Fproduct_brand&post=5500"},{"taxonomy":"product_cat","embeddable":true,"href":"https:\/\/123-stuhlverleih.de\/index.php?rest_route=%2Fwp%2Fv2%2Fproduct_cat&post=5500"},{"taxonomy":"product_tag","embeddable":true,"href":"https:\/\/123-stuhlverleih.de\/index.php?rest_route=%2Fwp%2Fv2%2Fproduct_tag&post=5500"}],"curies":[{"name":"wp","href":"https:\/\/api.w.org\/{rel}","templated":true}]}}