{"id":5554,"date":"2019-02-05T11:15:07","date_gmt":"2019-02-05T10:15:07","guid":{"rendered":"http:\/\/www.mietequipment.com\/produkt\/import-placeholder-for-5502\/"},"modified":"2019-02-05T11:15:07","modified_gmt":"2019-02-05T10:15:07","slug":"standaschenbecher-taschenmuell-2","status":"publish","type":"product","link":"https:\/\/123-stuhlverleih.de\/?product=standaschenbecher-taschenmuell-2","title":{"rendered":"Standaschenbecher \/ Taschenm\u00fcll"},"content":{"rendered":"<p><strong>Aschenbecher, Standascher<\/strong><br \/>\n<strong>Farbe<\/strong> silber<br \/>\n<strong>Durchmesser<\/strong> ca. 15cm<br \/>\n<strong>H\u00f6he<\/strong> ca. 45cm<\/p>\n<p>Die Reinigung ist bei Normaler Verschmutzung im Mietpreis enthalten<\/p>\n<p>Zu mieten, Vermietung, Verleih ab Lager W\u00fcrzburg, Frankfurt, N\u00fcrnberg, Stuttgart, K\u00f6ln, M\u00fcnchen<\/p>\n","protected":false},"excerpt":{"rendered":"<p id=\"page-title\" class=\"title\">Standaschenbecher \/ Taschenm\u00fcll<br \/>\nIdeal f\u00fcr Hochzeit, Gala, Bankett, Lounge, Bar, Event, Firmenveranstaltung&#8230;<\/p>\n","protected":false},"featured_media":5571,"template":"","meta":[],"product_brand":[],"product_cat":[100,119],"product_tag":[],"class_list":{"0":"post-5554","1":"product","2":"type-product","3":"status-publish","4":"has-post-thumbnail","6":"product_cat-mietmobiliar","7":"product_cat-sonstiges-zubehoer","9":"first","10":"instock","11":"taxable","12":"shipping-taxable","13":"purchasable","14":"product-type-simple"},"_links":{"self":[{"href":"https:\/\/123-stuhlverleih.de\/index.php?rest_route=\/wp\/v2\/product\/5554","targetHints":{"allow":["GET"]}}],"collection":[{"href":"https:\/\/123-stuhlverleih.de\/index.php?rest_route=\/wp\/v2\/product"}],"about":[{"href":"https:\/\/123-stuhlverleih.de\/index.php?rest_route=\/wp\/v2\/types\/product"}],"wp:featuredmedia":[{"embeddable":true,"href":"https:\/\/123-stuhlverleih.de\/index.php?rest_route=\/wp\/v2\/media\/5571"}],"wp:attachment":[{"href":"https:\/\/123-stuhlverleih.de\/index.php?rest_route=%2Fwp%2Fv2%2Fmedia&parent=5554"}],"wp:term":[{"taxonomy":"product_brand","embeddable":true,"href":"https:\/\/123-stuhlverleih.de\/index.php?rest_route=%2Fwp%2Fv2%2Fproduct_brand&post=5554"},{"taxonomy":"product_cat","embeddable":true,"href":"https:\/\/123-stuhlverleih.de\/index.php?rest_route=%2Fwp%2Fv2%2Fproduct_cat&post=5554"},{"taxonomy":"product_tag","embeddable":true,"href":"https:\/\/123-stuhlverleih.de\/index.php?rest_route=%2Fwp%2Fv2%2Fproduct_tag&post=5554"}],"curies":[{"name":"wp","href":"https:\/\/api.w.org\/{rel}","templated":true}]}}