{"id":5604,"date":"2019-02-05T11:15:30","date_gmt":"2019-02-05T10:15:30","guid":{"rendered":"http:\/\/www.mietequipment.com\/produkt\/import-placeholder-for-5576\/"},"modified":"2019-02-05T11:15:30","modified_gmt":"2019-02-05T10:15:30","slug":"aircone-3m-2","status":"publish","type":"product","link":"https:\/\/123-stuhlverleih.de\/?product=aircone-3m-2","title":{"rendered":"Aircone 3m"},"content":{"rendered":"<div class=\"commerce-product-field commerce-product-field-field-verpackungseinheit field-field-verpackungseinheit node-5814-product-field-verpackungseinheit\">\n<div class=\"field field-name-field-verpackungseinheit field-type-number-integer field-label-above\">\n<div class=\"field-label\"><strong>Verpackungseinheit:\u00a0<\/strong><\/div>\n<div class=\"field-items\">\n<div class=\"field-item even\">1 St\u00fcck<\/div>\n<\/div>\n<\/div>\n<\/div>\n<div class=\"commerce-product-field commerce-product-field-field-wiederbeschaffungskosten field-field-wiederbeschaffungskosten node-5814-product-field-wiederbeschaffungskosten\">\n<div class=\"field field-name-field-wiederbeschaffungskosten field-type-commerce-price field-label-above\">\n<div class=\"field-label\"><strong>Wiederbeschaffungskosten:\u00a0<\/strong><\/div>\n<div class=\"field-items\">\n<div class=\"field-item even\">529.00\u00a0\u20ac<\/div>\n<\/div>\n<\/div>\n<\/div>\n<div class=\"commerce-product-field commerce-product-field-field-gewicht field-field-gewicht node-5814-product-field-gewicht\">\n<div class=\"field field-name-field-gewicht field-type-number-decimal field-label-above\">\n<div class=\"field-label\"><strong>Gewicht:\u00a0<\/strong><\/div>\n<div class=\"field-items\">\n<div class=\"field-item even\">25.00 kg<\/div>\n<\/div>\n<\/div>\n<\/div>\n<div class=\"commerce-product-field commerce-product-field-field-auf-abbau field-field-auf-abbau node-5814-product-field-auf-abbau\">\n<div class=\"field field-name-field-auf-abbau field-type-list-text field-label-above\">\n<div class=\"field-label\"><strong>Auf-\/Abbau:\u00a0<\/strong><\/div>\n<div class=\"field-items\">\n<div class=\"field-item even\">Artikel wird selbst aufgebaut<\/div>\n<\/div>\n<\/div>\n<\/div>\n","protected":false},"excerpt":{"rendered":"<p>Mietger\u00e4t Aircone mit 3m H\u00f6he<\/p>\n<p>&#8211; Sockeldurchmesser 47cm<br \/>\n&#8211; fest vorprogrammierte Farben, am Ger\u00e4t einstellbar:<\/p>\n<p>rot, gr\u00fcn, cyan (t\u00fcrkis), magenta (lila), gelb, wei\u00df<\/p>\n<p>\u00dcber einen DMX Anschluss k\u00f6nnen die einzelnen Farben gedimmt und somit gemischt werden und die Funktion Strobo verwendet werden.<\/p>\n","protected":false},"featured_media":5655,"template":"","meta":[],"product_brand":[],"product_cat":[94,95],"product_tag":[],"class_list":{"0":"post-5604","1":"product","2":"type-product","3":"status-publish","4":"has-post-thumbnail","6":"product_cat-lichtdekoration","7":"product_cat-lichtobjekte","9":"first","10":"instock","11":"taxable","12":"shipping-taxable","13":"purchasable","14":"product-type-simple"},"_links":{"self":[{"href":"https:\/\/123-stuhlverleih.de\/index.php?rest_route=\/wp\/v2\/product\/5604","targetHints":{"allow":["GET"]}}],"collection":[{"href":"https:\/\/123-stuhlverleih.de\/index.php?rest_route=\/wp\/v2\/product"}],"about":[{"href":"https:\/\/123-stuhlverleih.de\/index.php?rest_route=\/wp\/v2\/types\/product"}],"wp:featuredmedia":[{"embeddable":true,"href":"https:\/\/123-stuhlverleih.de\/index.php?rest_route=\/wp\/v2\/media\/5655"}],"wp:attachment":[{"href":"https:\/\/123-stuhlverleih.de\/index.php?rest_route=%2Fwp%2Fv2%2Fmedia&parent=5604"}],"wp:term":[{"taxonomy":"product_brand","embeddable":true,"href":"https:\/\/123-stuhlverleih.de\/index.php?rest_route=%2Fwp%2Fv2%2Fproduct_brand&post=5604"},{"taxonomy":"product_cat","embeddable":true,"href":"https:\/\/123-stuhlverleih.de\/index.php?rest_route=%2Fwp%2Fv2%2Fproduct_cat&post=5604"},{"taxonomy":"product_tag","embeddable":true,"href":"https:\/\/123-stuhlverleih.de\/index.php?rest_route=%2Fwp%2Fv2%2Fproduct_tag&post=5604"}],"curies":[{"name":"wp","href":"https:\/\/api.w.org\/{rel}","templated":true}]}}