{"id":5693,"date":"2019-02-05T11:16:19","date_gmt":"2019-02-05T10:16:19","guid":{"rendered":"http:\/\/www.mietequipment.com\/produkt\/import-placeholder-for-5644\/"},"modified":"2019-02-05T11:16:19","modified_gmt":"2019-02-05T10:16:19","slug":"kabelbruecke-2-kanaele-100cm-2","status":"publish","type":"product","link":"https:\/\/123-stuhlverleih.de\/?product=kabelbruecke-2-kanaele-100cm-2","title":{"rendered":"Kabelbr\u00fccke 2 Kan\u00e4le 100cm"},"content":{"rendered":"<p>&#8218;- 2 Kabelkan\u00e4le ca. 35 mm breit x ca. 40mm hoch<br \/>\n&#8211; je St\u00fcck belastbar bis 3,5 t<br \/>\n&#8211; L\u00e4nge je St\u00fcck: 750mm<br \/>\n&#8211; Breite je St\u00fcck: 250mm<br \/>\n&#8211; H\u00f6he: 60mm<br \/>\n&#8211; Gewicht ca. 11Kg<\/p>\n<p><strong>Verpackungseinheit: <\/strong><br \/>\n1 St\u00fcck<br \/>\n<strong>Wiederbeschaffungskosten: <\/strong><br \/>\n129.00 \u20ac<br \/>\n<strong>Gewicht: <\/strong><br \/>\n7.00 kg<br \/>\n<strong>Auf-\/Abbau: <\/strong><br \/>\nArtikel wird selbst aufgebaut&#8216;<\/p>\n","protected":false},"excerpt":{"rendered":"<p>Sch\u00fctzt Kabel und Schl\u00e4uche auf der Veranstaltung.<\/p>\n","protected":false},"featured_media":0,"template":"","meta":[],"product_brand":[],"product_cat":[166,98],"product_tag":[],"class_list":{"0":"post-5693","1":"product","2":"type-product","3":"status-publish","5":"product_cat-licht-lichtanlagen-lichtshow","6":"product_cat-licht-ton-und-buehnentechnik","8":"first","9":"instock","10":"taxable","11":"shipping-taxable","12":"purchasable","13":"product-type-simple"},"_links":{"self":[{"href":"https:\/\/123-stuhlverleih.de\/index.php?rest_route=\/wp\/v2\/product\/5693","targetHints":{"allow":["GET"]}}],"collection":[{"href":"https:\/\/123-stuhlverleih.de\/index.php?rest_route=\/wp\/v2\/product"}],"about":[{"href":"https:\/\/123-stuhlverleih.de\/index.php?rest_route=\/wp\/v2\/types\/product"}],"wp:attachment":[{"href":"https:\/\/123-stuhlverleih.de\/index.php?rest_route=%2Fwp%2Fv2%2Fmedia&parent=5693"}],"wp:term":[{"taxonomy":"product_brand","embeddable":true,"href":"https:\/\/123-stuhlverleih.de\/index.php?rest_route=%2Fwp%2Fv2%2Fproduct_brand&post=5693"},{"taxonomy":"product_cat","embeddable":true,"href":"https:\/\/123-stuhlverleih.de\/index.php?rest_route=%2Fwp%2Fv2%2Fproduct_cat&post=5693"},{"taxonomy":"product_tag","embeddable":true,"href":"https:\/\/123-stuhlverleih.de\/index.php?rest_route=%2Fwp%2Fv2%2Fproduct_tag&post=5693"}],"curies":[{"name":"wp","href":"https:\/\/api.w.org\/{rel}","templated":true}]}}