{"id":5754,"date":"2019-02-05T11:16:42","date_gmt":"2019-02-05T10:16:42","guid":{"rendered":"http:\/\/www.mietequipment.com\/produkt\/import-placeholder-for-5717\/"},"modified":"2019-02-05T11:16:42","modified_gmt":"2019-02-05T10:16:42","slug":"rcf-linearray-nx-l-24-a-aktiv-700w-rms-2","status":"publish","type":"product","link":"https:\/\/123-stuhlverleih.de\/?product=rcf-linearray-nx-l-24-a-aktiv-700w-rms-2","title":{"rendered":"RCF LineArray | NX L-24-A Aktiv, 700W RMS"},"content":{"rendered":"<p>4 x 6&#8243; Woofer<br \/>\n1&#215;2,5&#8243; Hocht\u00f6ner inkl. 120\u00b0x30\u00b0 Waveguide und integrierter DSP gesteuerter 700W\/RMS Digitalendstufe<br \/>\n131dB max SPL<br \/>\nPowerCon In\/Out<br \/>\nMa\u00dfe: 1056 x 201 x 274 mm<br \/>\nGewicht: 26,4 kg<\/p>\n<p><strong>Verpackungseinheit: <\/strong><br \/>\n1 St\u00fcck<br \/>\n<strong>Wiederbeschaffungskosten: <\/strong><br \/>\n2,199.00 \u20ac<br \/>\n<strong>Gewicht: <\/strong><br \/>\n40.00 kg<br \/>\n<strong>Auf-\/Abbau: <\/strong><br \/>\nArtikel wird selbst aufgebaut<\/p>\n","protected":false},"excerpt":{"rendered":"<p>Aktiver 2-Weg S\u00e4ulenlautsprecher<\/p>\n<p>Dank seines \u00dcbertragungsbereiches von 65Hz &#8211; 20KHz und dem optionalen Zubeh\u00f6r l\u00e4sst dich das NX L24-A thomann sowohl &#8222;stand-alone&#8220; als auch in der Kombination mit Subwoofern auf Stativ gestacked oder geflogen einsetzen.<\/p>\n","protected":false},"featured_media":0,"template":"","meta":[],"product_brand":[],"product_cat":[98,132],"product_tag":[],"class_list":{"0":"post-5754","1":"product","2":"type-product","3":"status-publish","5":"product_cat-licht-ton-und-buehnentechnik","6":"product_cat-tontechnik-pa-lautsprecher","8":"first","9":"instock","10":"taxable","11":"shipping-taxable","12":"purchasable","13":"product-type-simple"},"_links":{"self":[{"href":"https:\/\/123-stuhlverleih.de\/index.php?rest_route=\/wp\/v2\/product\/5754","targetHints":{"allow":["GET"]}}],"collection":[{"href":"https:\/\/123-stuhlverleih.de\/index.php?rest_route=\/wp\/v2\/product"}],"about":[{"href":"https:\/\/123-stuhlverleih.de\/index.php?rest_route=\/wp\/v2\/types\/product"}],"wp:attachment":[{"href":"https:\/\/123-stuhlverleih.de\/index.php?rest_route=%2Fwp%2Fv2%2Fmedia&parent=5754"}],"wp:term":[{"taxonomy":"product_brand","embeddable":true,"href":"https:\/\/123-stuhlverleih.de\/index.php?rest_route=%2Fwp%2Fv2%2Fproduct_brand&post=5754"},{"taxonomy":"product_cat","embeddable":true,"href":"https:\/\/123-stuhlverleih.de\/index.php?rest_route=%2Fwp%2Fv2%2Fproduct_cat&post=5754"},{"taxonomy":"product_tag","embeddable":true,"href":"https:\/\/123-stuhlverleih.de\/index.php?rest_route=%2Fwp%2Fv2%2Fproduct_tag&post=5754"}],"curies":[{"name":"wp","href":"https:\/\/api.w.org\/{rel}","templated":true}]}}