{"id":5761,"date":"2019-02-05T11:16:43","date_gmt":"2019-02-05T10:16:43","guid":{"rendered":"http:\/\/www.mietequipment.com\/produkt\/import-placeholder-for-5725\/"},"modified":"2019-02-05T11:16:43","modified_gmt":"2019-02-05T10:16:43","slug":"buehnenpodest-1x2m-2","status":"publish","type":"product","link":"https:\/\/123-stuhlverleih.de\/?product=buehnenpodest-1x2m-2","title":{"rendered":"B\u00fchnenpodest 1x2m"},"content":{"rendered":"<p>&#8218;- in der Gr\u00f6\u00dfe 1x2m<br \/>\n&#8211; wetterfeste Ausf\u00fchrung<br \/>\n&#8211; bis 750 kg\/Qm belastbar<br \/>\n&#8211; bitte ab 0,40m H\u00f6he ein Gel\u00e4nder mit bestellen!!<\/p>\n<p><strong>Verpackungseinheit: <\/strong><br \/>\n1 St\u00fcck<br \/>\n<strong>Wiederbeschaffungskosten: <\/strong><br \/>\n359.00 \u20ac<br \/>\n<strong>Gewicht: <\/strong><br \/>\n45.00 <strong>kg<\/strong><br \/>\n<strong>Auf-\/Abbau:<\/strong><br \/>\nArtikel wird selbst aufgebaut&#8216;<\/p>\n","protected":false},"excerpt":{"rendered":"<p>&#8218;- in der Gr\u00f6\u00dfe 1x2m &#8211; wetterfeste Ausf\u00fchrung &#8211; bis 750 kg\/Qm belastbar &#8211; bitte ab 0,40m H\u00f6he ein Gel\u00e4nder mit bestellen!! Verpackungseinheit: 1 St\u00fcck Wiederbeschaffungskosten: 359.00 \u20ac Gewicht: 45.00 kg Auf-\/Abbau: Artikel wird selbst aufgebaut&#8216;<\/p>\n","protected":false},"featured_media":0,"template":"","meta":[],"product_brand":[],"product_cat":[147,98],"product_tag":[],"class_list":{"0":"post-5761","1":"product","2":"type-product","3":"status-publish","5":"product_cat-buehne","6":"product_cat-licht-ton-und-buehnentechnik","8":"first","9":"instock","10":"taxable","11":"shipping-taxable","12":"purchasable","13":"product-type-simple"},"_links":{"self":[{"href":"https:\/\/123-stuhlverleih.de\/index.php?rest_route=\/wp\/v2\/product\/5761","targetHints":{"allow":["GET"]}}],"collection":[{"href":"https:\/\/123-stuhlverleih.de\/index.php?rest_route=\/wp\/v2\/product"}],"about":[{"href":"https:\/\/123-stuhlverleih.de\/index.php?rest_route=\/wp\/v2\/types\/product"}],"wp:attachment":[{"href":"https:\/\/123-stuhlverleih.de\/index.php?rest_route=%2Fwp%2Fv2%2Fmedia&parent=5761"}],"wp:term":[{"taxonomy":"product_brand","embeddable":true,"href":"https:\/\/123-stuhlverleih.de\/index.php?rest_route=%2Fwp%2Fv2%2Fproduct_brand&post=5761"},{"taxonomy":"product_cat","embeddable":true,"href":"https:\/\/123-stuhlverleih.de\/index.php?rest_route=%2Fwp%2Fv2%2Fproduct_cat&post=5761"},{"taxonomy":"product_tag","embeddable":true,"href":"https:\/\/123-stuhlverleih.de\/index.php?rest_route=%2Fwp%2Fv2%2Fproduct_tag&post=5761"}],"curies":[{"name":"wp","href":"https:\/\/api.w.org\/{rel}","templated":true}]}}