{"id":5765,"date":"2019-02-05T11:16:44","date_gmt":"2019-02-05T10:16:44","guid":{"rendered":"http:\/\/www.mietequipment.com\/produkt\/import-placeholder-for-5729\/"},"modified":"2019-02-05T11:16:44","modified_gmt":"2019-02-05T10:16:44","slug":"steckfussset-hoehe-40cm-4st-2","status":"publish","type":"product","link":"https:\/\/123-stuhlverleih.de\/?product=steckfussset-hoehe-40cm-4st-2","title":{"rendered":"Steckfu\u00dfset | H\u00f6he 40cm, 4ST."},"content":{"rendered":"<div class=\"commerce-product-field commerce-product-field-field-verpackungseinheit field-field-verpackungseinheit node-5957-product-field-verpackungseinheit\">\n<div class=\"field field-name-field-verpackungseinheit field-type-number-integer field-label-above\">\n<div class=\"field-label\"><strong>Verpackungseinheit:\u00a0<\/strong><\/div>\n<div class=\"field-items\">\n<div class=\"field-item even\">1 St\u00fcck<\/div>\n<\/div>\n<\/div>\n<\/div>\n<div class=\"commerce-product-field commerce-product-field-field-wiederbeschaffungskosten field-field-wiederbeschaffungskosten node-5957-product-field-wiederbeschaffungskosten\">\n<div class=\"field field-name-field-wiederbeschaffungskosten field-type-commerce-price field-label-above\">\n<div class=\"field-label\"><strong>Wiederbeschaffungskosten:\u00a0<\/strong><\/div>\n<div class=\"field-items\">\n<div class=\"field-item even\">75.00\u00a0\u20ac<\/div>\n<\/div>\n<\/div>\n<\/div>\n<div class=\"commerce-product-field commerce-product-field-field-gewicht field-field-gewicht node-5957-product-field-gewicht\">\n<div class=\"field field-name-field-gewicht field-type-number-decimal field-label-above\">\n<div class=\"field-label\"><strong>Gewicht:\u00a0<\/strong><\/div>\n<div class=\"field-items\">\n<div class=\"field-item even\">4.00 kg<\/div>\n<\/div>\n<\/div>\n<\/div>\n<div class=\"commerce-product-field commerce-product-field-field-auf-abbau field-field-auf-abbau node-5957-product-field-auf-abbau\">\n<div class=\"field field-name-field-auf-abbau field-type-list-text field-label-above\">\n<div class=\"field-label\"><strong>Auf-\/Abbau:\u00a0<\/strong><\/div>\n<div class=\"field-items\">\n<div class=\"field-item even\">Artikel wird selbst aufgebaut<\/div>\n<\/div>\n<\/div>\n<\/div>\n","protected":false},"excerpt":{"rendered":"<p>4x Steckfu\u00df mit 40 cm f\u00fcr B\u00fchnenpodeste 1x2m<br \/>\naus Aluvierkantrohr 40 x 40mm<\/p>\n","protected":false},"featured_media":0,"template":"","meta":[],"product_brand":[],"product_cat":[147,98],"product_tag":[],"class_list":{"0":"post-5765","1":"product","2":"type-product","3":"status-publish","5":"product_cat-buehne","6":"product_cat-licht-ton-und-buehnentechnik","8":"first","9":"instock","10":"taxable","11":"shipping-taxable","12":"purchasable","13":"product-type-simple"},"_links":{"self":[{"href":"https:\/\/123-stuhlverleih.de\/index.php?rest_route=\/wp\/v2\/product\/5765","targetHints":{"allow":["GET"]}}],"collection":[{"href":"https:\/\/123-stuhlverleih.de\/index.php?rest_route=\/wp\/v2\/product"}],"about":[{"href":"https:\/\/123-stuhlverleih.de\/index.php?rest_route=\/wp\/v2\/types\/product"}],"wp:attachment":[{"href":"https:\/\/123-stuhlverleih.de\/index.php?rest_route=%2Fwp%2Fv2%2Fmedia&parent=5765"}],"wp:term":[{"taxonomy":"product_brand","embeddable":true,"href":"https:\/\/123-stuhlverleih.de\/index.php?rest_route=%2Fwp%2Fv2%2Fproduct_brand&post=5765"},{"taxonomy":"product_cat","embeddable":true,"href":"https:\/\/123-stuhlverleih.de\/index.php?rest_route=%2Fwp%2Fv2%2Fproduct_cat&post=5765"},{"taxonomy":"product_tag","embeddable":true,"href":"https:\/\/123-stuhlverleih.de\/index.php?rest_route=%2Fwp%2Fv2%2Fproduct_tag&post=5765"}],"curies":[{"name":"wp","href":"https:\/\/api.w.org\/{rel}","templated":true}]}}