{"id":5768,"date":"2019-02-05T11:16:44","date_gmt":"2019-02-05T10:16:44","guid":{"rendered":"http:\/\/www.mietequipment.com\/produkt\/import-placeholder-for-5732\/"},"modified":"2019-02-05T11:16:44","modified_gmt":"2019-02-05T10:16:44","slug":"buehnendach-alu-truss-inkl-buehne-4x6m-2","status":"publish","type":"product","link":"https:\/\/123-stuhlverleih.de\/?product=buehnendach-alu-truss-inkl-buehne-4x6m-2","title":{"rendered":"B\u00fchnendach Alu Truss inkl. B\u00fchne 4x6m"},"content":{"rendered":"<p>B\u00fchnendach mit 5,02 x 6,71m Grundfl\u00e4che<\/p>\n<p>&#8211; Firsth\u00f6he: 4,71m<br \/>\n&#8211; Traufh\u00f6he: 4,00m<br \/>\n&#8211; An den Seiten k\u00f6nnen gehen Aufpreis &#8222;Wings&#8220; angebracht werden um eine Tonanlage aufzuh\u00e4ngen (max. 200 kg)<br \/>\n&#8211; Seitenplanen\/ Gaze: weiss oder schwarz<br \/>\n&#8211; Podesth\u00f6he: max. 1,00m<br \/>\n&#8211; Preis incl. Treppe, 12 B\u00fchnenelementen und 3 Seiten Gel\u00e4nder<br \/>\n&#8211; passend f\u00fcr Podestgr\u00f6\u00dfe 4,00 x 6,00 oder 4,00 x 5,00m<\/p>\n<p><strong>Verpackungseinheit: <\/strong><br \/>\n1 St\u00fcck<br \/>\n<strong>Wiederbeschaffungskosten: <\/strong><br \/>\n8,500.00 \u20ac<br \/>\n<strong>Gewicht: <\/strong><br \/>\n1 500.00 kg<br \/>\n<strong>Auf-\/Abbau: <\/strong><br \/>\nArtikel wird selbst aufgebaut<\/p>\n","protected":false},"excerpt":{"rendered":"<p>B\u00fchnendach Alu Truss inkl. B\u00fchne 4x6m<br \/>\nDach Weiss\/Seitengaze Schwarz<\/p>\n","protected":false},"featured_media":0,"template":"","meta":[],"product_brand":[],"product_cat":[147,98],"product_tag":[],"class_list":{"0":"post-5768","1":"product","2":"type-product","3":"status-publish","5":"product_cat-buehne","6":"product_cat-licht-ton-und-buehnentechnik","8":"first","9":"instock","10":"taxable","11":"shipping-taxable","12":"purchasable","13":"product-type-simple"},"_links":{"self":[{"href":"https:\/\/123-stuhlverleih.de\/index.php?rest_route=\/wp\/v2\/product\/5768","targetHints":{"allow":["GET"]}}],"collection":[{"href":"https:\/\/123-stuhlverleih.de\/index.php?rest_route=\/wp\/v2\/product"}],"about":[{"href":"https:\/\/123-stuhlverleih.de\/index.php?rest_route=\/wp\/v2\/types\/product"}],"wp:attachment":[{"href":"https:\/\/123-stuhlverleih.de\/index.php?rest_route=%2Fwp%2Fv2%2Fmedia&parent=5768"}],"wp:term":[{"taxonomy":"product_brand","embeddable":true,"href":"https:\/\/123-stuhlverleih.de\/index.php?rest_route=%2Fwp%2Fv2%2Fproduct_brand&post=5768"},{"taxonomy":"product_cat","embeddable":true,"href":"https:\/\/123-stuhlverleih.de\/index.php?rest_route=%2Fwp%2Fv2%2Fproduct_cat&post=5768"},{"taxonomy":"product_tag","embeddable":true,"href":"https:\/\/123-stuhlverleih.de\/index.php?rest_route=%2Fwp%2Fv2%2Fproduct_tag&post=5768"}],"curies":[{"name":"wp","href":"https:\/\/api.w.org\/{rel}","templated":true}]}}