{"id":5821,"date":"2019-02-05T11:17:04","date_gmt":"2019-02-05T10:17:04","guid":{"rendered":"http:\/\/www.mietequipment.com\/produkt\/import-placeholder-for-5897\/"},"modified":"2019-02-05T11:17:04","modified_gmt":"2019-02-05T10:17:04","slug":"set-bankettstuhl-inkl-stuhlhusse-optimal-top","status":"publish","type":"product","link":"https:\/\/123-stuhlverleih.de\/?product=set-bankettstuhl-inkl-stuhlhusse-optimal-top","title":{"rendered":"Set Bankettstuhl inkl. Stuhlhusse &#8222;Optimal&#8220;"},"content":{"rendered":"<p><strong>Abmessungen:<\/strong><\/p>\n<p>&#8211; Sitzh\u00f6he: 47 cm<br \/>\n&#8211; Sitzbreite: 44 cm<br \/>\n&#8211; Gesamth\u00f6he: 94 cm<br \/>\n&#8211; Tiefe: 58 cm<\/p>\n<p>Farbe: schwarz mit goldenen Punkten<\/p>\n<p>Die St\u00fchle sind an Sitzfl\u00e4che und R\u00fcckenlehne gepolstert und sind stapelbar. Das Gestell ist aus vierkantstahl und der Polsterbezug aus Stoff<\/p>\n<p><strong>Stuhlhusse:<\/strong><\/p>\n<p>Farbe: weiss<br \/>\nGesamth\u00f6he: 94 cm<br \/>\nSitzbreite: 44 cm<br \/>\nSitzh\u00f6he: 47 cm<br \/>\nMaterial: 90% Polyester<br \/>\n10% Elastan<\/p>\n<p>Inkl. Reinigung bei normaler Verschmutzung<\/p>\n<p><strong>Verpackungseinheit:<br \/>\n<\/strong>1 St\u00fcck<br \/>\n<strong>Wiederbeschaffungskosten:<br \/>\n<\/strong>69.00\u00a0\u20ac<br \/>\n<strong>Auf-\/Abbau:<\/strong><br \/>\nArtikel wird selbst aufgebaut<\/p>\n","protected":false},"excerpt":{"rendered":"<p>Set Bankettstuhl inkl. Husse (Optimal) Kongressstuhl Seminarstuhl Konferenzstuhl Stuhl Polsterstuhl<br \/>\nHier bekommen Sie den Bankettstuhl und die passende Stuhlhusse als Set bestehend aus:<\/p>\n<p>Bankettstuhl<br \/>\nKongressstuhl, Seminarstuhl, Konferenzstuhl, Stuhl, Polsterstuhl<\/p>\n","protected":false},"featured_media":5526,"template":"","meta":[],"product_brand":[],"product_cat":[63],"product_tag":[],"class_list":{"0":"post-5821","1":"product","2":"type-product","3":"status-publish","4":"has-post-thumbnail","6":"product_cat-sonderangebote","8":"first","9":"instock","10":"sale","11":"taxable","12":"shipping-taxable","13":"purchasable","14":"product-type-simple"},"_links":{"self":[{"href":"https:\/\/123-stuhlverleih.de\/index.php?rest_route=\/wp\/v2\/product\/5821","targetHints":{"allow":["GET"]}}],"collection":[{"href":"https:\/\/123-stuhlverleih.de\/index.php?rest_route=\/wp\/v2\/product"}],"about":[{"href":"https:\/\/123-stuhlverleih.de\/index.php?rest_route=\/wp\/v2\/types\/product"}],"wp:featuredmedia":[{"embeddable":true,"href":"https:\/\/123-stuhlverleih.de\/index.php?rest_route=\/wp\/v2\/media\/5526"}],"wp:attachment":[{"href":"https:\/\/123-stuhlverleih.de\/index.php?rest_route=%2Fwp%2Fv2%2Fmedia&parent=5821"}],"wp:term":[{"taxonomy":"product_brand","embeddable":true,"href":"https:\/\/123-stuhlverleih.de\/index.php?rest_route=%2Fwp%2Fv2%2Fproduct_brand&post=5821"},{"taxonomy":"product_cat","embeddable":true,"href":"https:\/\/123-stuhlverleih.de\/index.php?rest_route=%2Fwp%2Fv2%2Fproduct_cat&post=5821"},{"taxonomy":"product_tag","embeddable":true,"href":"https:\/\/123-stuhlverleih.de\/index.php?rest_route=%2Fwp%2Fv2%2Fproduct_tag&post=5821"}],"curies":[{"name":"wp","href":"https:\/\/api.w.org\/{rel}","templated":true}]}}