{"id":5822,"date":"2019-02-05T11:17:04","date_gmt":"2019-02-05T10:17:04","guid":{"rendered":"http:\/\/www.mietequipment.com\/produkt\/import-placeholder-for-5898\/"},"modified":"2019-02-05T11:17:04","modified_gmt":"2019-02-05T10:17:04","slug":"set-banketttisch-rund-d180cm-10x-bankettstuhl-optimal-2","status":"publish","type":"product","link":"https:\/\/123-stuhlverleih.de\/?product=set-banketttisch-rund-d180cm-10x-bankettstuhl-optimal-2","title":{"rendered":"Set Banketttisch rund d=180cm, 10x Bankettstuhl &#8222;Optimal&#8220;"},"content":{"rendered":"<p><strong>Bankettstuhl Kongressstuhl Seminarstuhl Konferenzstuhl Stuhl Polsterstuhl<\/strong><\/p>\n<p>Abmessungen:<\/p>\n<p>&#8211; Sitzh\u00f6he: 47 cm<br \/>\n&#8211; Sitzbreite: 44 cm<br \/>\n&#8211; Gesamth\u00f6he: 94 cm<br \/>\n&#8211; Tiefe: 58 cm<\/p>\n<p>Farbe: schwarz mit goldenen Punkten<\/p>\n<p>Die St\u00fchle sind an Sitzfl\u00e4che und R\u00fcckenlehne gepolstert und sind stapelbar. Das Gestell ist aus vierkantstahl und der Polsterbezug aus Stoff<\/p>\n<div class=\"commerce-product-field commerce-product-field-field-verpackungseinheit field-field-verpackungseinheit node-5698-product-field-verpackungseinheit\">\n<div class=\"field field-name-field-verpackungseinheit field-type-number-integer field-label-above\">\n<div class=\"field-label\"><strong>Verpackungseinheit:\u00a0<\/strong><\/div>\n<div class=\"field-items\">\n<div class=\"field-item even\">1 St\u00fcck<\/div>\n<\/div>\n<\/div>\n<\/div>\n<div class=\"commerce-product-field commerce-product-field-field-wiederbeschaffungskosten field-field-wiederbeschaffungskosten node-5698-product-field-wiederbeschaffungskosten\">\n<div class=\"field field-name-field-wiederbeschaffungskosten field-type-commerce-price field-label-above\">\n<div class=\"field-label\"><strong>Wiederbeschaffungskosten:\u00a0<\/strong><\/div>\n<div class=\"field-items\">\n<div class=\"field-item even\">1,300.00\u00a0\u20ac<\/div>\n<\/div>\n<\/div>\n<\/div>\n<div class=\"commerce-product-field commerce-product-field-field-gewicht field-field-gewicht node-5698-product-field-gewicht\">\n<div class=\"field field-name-field-gewicht field-type-number-decimal field-label-above\">\n<div class=\"field-label\"><strong>Gewicht:\u00a0<\/strong><\/div>\n<div class=\"field-items\">\n<div class=\"field-item even\">110.00 kg<\/div>\n<\/div>\n<\/div>\n<\/div>\n<div class=\"commerce-product-field commerce-product-field-field-auf-abbau field-field-auf-abbau node-5698-product-field-auf-abbau\">\n<div class=\"field field-name-field-auf-abbau field-type-list-text field-label-above\">\n<div class=\"field-label\"><strong>Auf-\/Abbau:\u00a0<\/strong><\/div>\n<div class=\"field-items\">\n<div class=\"field-item even\">Artikel wird selbst aufgebaut<\/div>\n<\/div>\n<\/div>\n<\/div>\n","protected":false},"excerpt":{"rendered":"<p>Set Banketttisch 183 cm rund inkl. 10x Bankettstuhl Polsterstuhl Stuhl Tisch<br \/>\nDas Set besteht aus 1 x Banketttisch rund 183cm und 10 x Polsterstuhl mieten<\/p>\n<p>Beschreibung von Tisch und St\u00fchlen:<\/p>\n<p><strong>Tisch:<\/strong><br \/>\nGestell: Klappf\u00fc\u00dfe Stahl in Hammerschlag Anthrazit<br \/>\nPlatte: Multiplex, 19 mm stark teils mit einer weichen wei\u00dfen Kunststoffbeschichtung und einer sehr stabilen schwarzen PVC Kante bzw. einer Aluminiumkante<\/p>\n<p>Abmessungen: Durchmesser: 183 cm<br \/>\nGesamth\u00f6he: 76 cm<\/p>\n<p>Die passenden Tischdecken gibt es ebenfalls bei uns zu mieten.<\/p>\n","protected":false},"featured_media":6014,"template":"","meta":[],"product_brand":[],"product_cat":[63],"product_tag":[],"class_list":{"0":"post-5822","1":"product","2":"type-product","3":"status-publish","4":"has-post-thumbnail","6":"product_cat-sonderangebote","8":"first","9":"instock","10":"sale","11":"taxable","12":"shipping-taxable","13":"purchasable","14":"product-type-simple"},"_links":{"self":[{"href":"https:\/\/123-stuhlverleih.de\/index.php?rest_route=\/wp\/v2\/product\/5822","targetHints":{"allow":["GET"]}}],"collection":[{"href":"https:\/\/123-stuhlverleih.de\/index.php?rest_route=\/wp\/v2\/product"}],"about":[{"href":"https:\/\/123-stuhlverleih.de\/index.php?rest_route=\/wp\/v2\/types\/product"}],"wp:featuredmedia":[{"embeddable":true,"href":"https:\/\/123-stuhlverleih.de\/index.php?rest_route=\/wp\/v2\/media\/6014"}],"wp:attachment":[{"href":"https:\/\/123-stuhlverleih.de\/index.php?rest_route=%2Fwp%2Fv2%2Fmedia&parent=5822"}],"wp:term":[{"taxonomy":"product_brand","embeddable":true,"href":"https:\/\/123-stuhlverleih.de\/index.php?rest_route=%2Fwp%2Fv2%2Fproduct_brand&post=5822"},{"taxonomy":"product_cat","embeddable":true,"href":"https:\/\/123-stuhlverleih.de\/index.php?rest_route=%2Fwp%2Fv2%2Fproduct_cat&post=5822"},{"taxonomy":"product_tag","embeddable":true,"href":"https:\/\/123-stuhlverleih.de\/index.php?rest_route=%2Fwp%2Fv2%2Fproduct_tag&post=5822"}],"curies":[{"name":"wp","href":"https:\/\/api.w.org\/{rel}","templated":true}]}}