{"id":5829,"date":"2019-02-05T11:17:10","date_gmt":"2019-02-05T10:17:10","guid":{"rendered":"http:\/\/www.mietequipment.com\/produkt\/import-placeholder-for-5904\/"},"modified":"2019-02-05T11:17:10","modified_gmt":"2019-02-05T10:17:10","slug":"set-ambientebeleuchtung-indoor-outdoor-2","status":"publish","type":"product","link":"https:\/\/123-stuhlverleih.de\/?product=set-ambientebeleuchtung-indoor-outdoor-2","title":{"rendered":"Set Ambientebeleuchtung Indoor\/Outdoor"},"content":{"rendered":"<p>Set bestehend aus:<\/p>\n<p>4xLED RGBW Spot PAR64 Power 48W<br \/>\n4xLED RGBW Flood Panel Power 60W<br \/>\n4xLED RGB Spot PAR 36 Power 36W<br \/>\n14x Verl\u00e4ngerungsleitung 3fach 10m<\/p>\n<div id=\"page\" class=\"clearfix\">\n<div class=\"container\">\n<div id=\"main-content\">\n<div class=\"row\">\n<section class=\"col-md-12\">\n<div id=\"main\" class=\"clearfix content\">\n<div class=\"region region-content\">\n<div id=\"block-system-main\" class=\"block block-system clearfix\">\n<div class=\"content\">\n<article id=\"node-5704\" class=\"node node-mt-product node-promoted clearfix\">\n<div class=\"content node-main-content \">\n<div class=\"commerce-product-field commerce-product-field-field-verpackungseinheit field-field-verpackungseinheit node-5704-product-field-verpackungseinheit\">\n<div class=\"field field-name-field-verpackungseinheit field-type-number-integer field-label-above\">\n<div class=\"field-label\"><strong>Verpackungseinheit:\u00a0<\/strong><\/div>\n<div class=\"field-items\">\n<div class=\"field-item even\">1 St\u00fcck<\/div>\n<\/div>\n<\/div>\n<\/div>\n<div class=\"commerce-product-field commerce-product-field-field-wiederbeschaffungskosten field-field-wiederbeschaffungskosten node-5704-product-field-wiederbeschaffungskosten\">\n<div class=\"field field-name-field-wiederbeschaffungskosten field-type-commerce-price field-label-above\">\n<div class=\"field-label\"><strong>Wiederbeschaffungskosten:\u00a0<\/strong><\/div>\n<div class=\"field-items\">\n<div class=\"field-item even\">6,599.00\u00a0\u20ac<\/div>\n<\/div>\n<\/div>\n<\/div>\n<div class=\"commerce-product-field commerce-product-field-field-gewicht field-field-gewicht node-5704-product-field-gewicht\">\n<div class=\"field field-name-field-gewicht field-type-number-decimal field-label-above\">\n<div class=\"field-label\"><strong>Gewicht:\u00a0<\/strong><\/div>\n<div class=\"field-items\">\n<div class=\"field-item even\">75.00 kg<\/div>\n<\/div>\n<\/div>\n<\/div>\n<div class=\"commerce-product-field commerce-product-field-field-auf-abbau field-field-auf-abbau node-5704-product-field-auf-abbau\">\n<div class=\"field field-name-field-auf-abbau field-type-list-text field-label-above\">\n<div class=\"field-label\"><strong>Auf-\/Abbau:\u00a0<\/strong><\/div>\n<div class=\"field-items\">\n<div class=\"field-item even\">Artikel wird selbst aufgebaut<\/div>\n<\/div>\n<\/div>\n<\/div>\n<div class=\"field field-name-field-mt-category-two field-type-list-boolean field-label-hidden\">\n<div class=\"field-items\">\n<div class=\"field-item even\"><\/div>\n<\/div>\n<\/div>\n<\/div>\n<\/article>\n<\/div>\n<\/div>\n<\/div>\n<\/div>\n<\/section>\n<\/div>\n<\/div>\n<\/div>\n<\/div>\n<footer id=\"footer\" class=\"clearfix\">\n<div class=\"container\">\n<div class=\"row\">\n<div class=\"col-sm-4\">\n<div class=\"footer-area\">\n<div class=\"region region-footer-first\">\n<div id=\"block-block-1\" class=\"block block-block clearfix\">\n<div class=\"content\">\n<div id=\"footer-logo-and-site-name-wrapper\">\n<div id=\"footer-logo\" class=\"logo\"><\/div>\n<\/div>\n<\/div>\n<\/div>\n<\/div>\n<\/div>\n<\/div>\n<\/div>\n<\/div>\n<\/footer>\n","protected":false},"excerpt":{"rendered":"<p>Set bestehend aus 16 LED Floorspots und 16x Verl\u00e4ngerungsleitung a 10m<\/p>\n<p>Ideal geeignet zur Ambientebeleuchtung, Hintergrundbeleuchtung, indirekter Beleuchtung von Zelten, R\u00e4umen, W\u00e4nden, Decken, G\u00e4rten, B\u00e4umen, Geb\u00e4uden.<\/p>\n<p>Farben sind einstellbar, die Leuchten erw\u00e4rmen sich nur geringf\u00fcgig, daher Ideal als Floorspots auf Veranstaltungen einsetzbar.<br \/>\nDie LED Floorspots sind Outdoor und Indorrgeeignet, da Spritzwassergesch\u00fctzt.<\/p>\n","protected":false},"featured_media":0,"template":"","meta":[],"product_brand":[],"product_cat":[63],"product_tag":[],"class_list":{"0":"post-5829","1":"product","2":"type-product","3":"status-publish","5":"product_cat-sonderangebote","7":"first","8":"instock","9":"taxable","10":"shipping-taxable","11":"purchasable","12":"product-type-simple"},"_links":{"self":[{"href":"https:\/\/123-stuhlverleih.de\/index.php?rest_route=\/wp\/v2\/product\/5829","targetHints":{"allow":["GET"]}}],"collection":[{"href":"https:\/\/123-stuhlverleih.de\/index.php?rest_route=\/wp\/v2\/product"}],"about":[{"href":"https:\/\/123-stuhlverleih.de\/index.php?rest_route=\/wp\/v2\/types\/product"}],"wp:attachment":[{"href":"https:\/\/123-stuhlverleih.de\/index.php?rest_route=%2Fwp%2Fv2%2Fmedia&parent=5829"}],"wp:term":[{"taxonomy":"product_brand","embeddable":true,"href":"https:\/\/123-stuhlverleih.de\/index.php?rest_route=%2Fwp%2Fv2%2Fproduct_brand&post=5829"},{"taxonomy":"product_cat","embeddable":true,"href":"https:\/\/123-stuhlverleih.de\/index.php?rest_route=%2Fwp%2Fv2%2Fproduct_cat&post=5829"},{"taxonomy":"product_tag","embeddable":true,"href":"https:\/\/123-stuhlverleih.de\/index.php?rest_route=%2Fwp%2Fv2%2Fproduct_tag&post=5829"}],"curies":[{"name":"wp","href":"https:\/\/api.w.org\/{rel}","templated":true}]}}