{"id":6053,"date":"2019-03-15T15:29:09","date_gmt":"2019-03-15T14:29:09","guid":{"rendered":"https:\/\/www.mietequipment.com\/?post_type=product&amp;p=6053"},"modified":"2019-03-15T15:29:09","modified_gmt":"2019-03-15T14:29:09","slug":"skirting-weiss-5m-x-075m-inkl-begfestigung-2","status":"publish","type":"product","link":"https:\/\/123-stuhlverleih.de\/?product=skirting-weiss-5m-x-075m-inkl-begfestigung-2","title":{"rendered":"Skirting wei\u00df ~5M x 0,75M inkl. Begfestigung"},"content":{"rendered":"<p><strong>Skirting <\/strong><br \/>\n<strong>Farbe<\/strong> wei\u00df<\/p>\n<p><strong>inkl. <\/strong>Befestigungsclips<br \/>\n<strong>Ma\u00dfe<\/strong> ca. 500&#215;0,75cm<br \/>\n<strong>Material<\/strong> Baumwolle, hochwertige Qualit\u00e4t<br \/>\n<strong>Lieferzustand<\/strong> gereinigt, geb\u00fcgelt, auf B\u00fcgel h\u00e4ngend, sofort Einsatzbereit<\/p>\n<p>Die Reinigung ist bei Normaler Verschmutzung im Mietpreis enthalten<br \/>\nZu mieten, Vermietung, Verleih ab Lager W\u00fcrzburg, Frankfurt, N\u00fcrnberg, Stuttgart, K\u00f6ln, M\u00fcnchen<\/p>\n<div class=\"commerce-product-field commerce-product-field-field-verpackungseinheit field-field-verpackungseinheit node-5725-product-field-verpackungseinheit\">\n<div class=\"field field-name-field-verpackungseinheit field-type-number-integer field-label-above\">\n<div class=\"field-label\"><strong>Verpackungseinheit:\u00a0<\/strong><\/div>\n<div class=\"field-items\">\n<div class=\"field-item even\">1 St\u00fcck<\/div>\n<\/div>\n<\/div>\n<\/div>\n<div class=\"commerce-product-field commerce-product-field-field-wiederbeschaffungskosten field-field-wiederbeschaffungskosten node-5725-product-field-wiederbeschaffungskosten\">\n<div class=\"field field-name-field-wiederbeschaffungskosten field-type-commerce-price field-label-above\">\n<div><\/div>\n<div class=\"field-label\"><strong>Wiederbeschaffungskosten:\u00a0<\/strong><\/div>\n<div class=\"field-items\">\n<div class=\"field-item even\">45.00\u00a0\u20ac<\/div>\n<\/div>\n<\/div>\n<\/div>\n<div class=\"commerce-product-field commerce-product-field-field-gewicht field-field-gewicht node-5725-product-field-gewicht commerce-product-field-empty\"><\/div>\n<div class=\"commerce-product-field commerce-product-field-field-auf-abbau field-field-auf-abbau node-5725-product-field-auf-abbau\">\n<div class=\"field field-name-field-auf-abbau field-type-list-text field-label-above\">\n<div class=\"field-label\"><strong>Auf-\/Abbau:\u00a0<\/strong><\/div>\n<div class=\"field-items\">\n<div class=\"field-item even\">Artikel wird selbst aufgebaut<\/div>\n<\/div>\n<\/div>\n<\/div>\n","protected":false},"excerpt":{"rendered":"<p>Das Tischtuch f\u00fcr den eckigen Banketttisch mit 76x180cm sowie 80x160cm<br \/>\nIdeal f\u00fcr Hochzeit, Gala, Bankett, Lounge, Bar, Event, Firmenveranstaltung&#8230;<\/p>\n","protected":false},"featured_media":0,"template":"","meta":[],"product_brand":[],"product_cat":[163,100],"product_tag":[],"class_list":{"0":"post-6053","1":"product","2":"type-product","3":"status-publish","5":"product_cat-hussen","6":"product_cat-mietmobiliar","8":"first","9":"instock","10":"taxable","11":"shipping-taxable","12":"purchasable","13":"product-type-simple"},"_links":{"self":[{"href":"https:\/\/123-stuhlverleih.de\/index.php?rest_route=\/wp\/v2\/product\/6053","targetHints":{"allow":["GET"]}}],"collection":[{"href":"https:\/\/123-stuhlverleih.de\/index.php?rest_route=\/wp\/v2\/product"}],"about":[{"href":"https:\/\/123-stuhlverleih.de\/index.php?rest_route=\/wp\/v2\/types\/product"}],"wp:attachment":[{"href":"https:\/\/123-stuhlverleih.de\/index.php?rest_route=%2Fwp%2Fv2%2Fmedia&parent=6053"}],"wp:term":[{"taxonomy":"product_brand","embeddable":true,"href":"https:\/\/123-stuhlverleih.de\/index.php?rest_route=%2Fwp%2Fv2%2Fproduct_brand&post=6053"},{"taxonomy":"product_cat","embeddable":true,"href":"https:\/\/123-stuhlverleih.de\/index.php?rest_route=%2Fwp%2Fv2%2Fproduct_cat&post=6053"},{"taxonomy":"product_tag","embeddable":true,"href":"https:\/\/123-stuhlverleih.de\/index.php?rest_route=%2Fwp%2Fv2%2Fproduct_tag&post=6053"}],"curies":[{"name":"wp","href":"https:\/\/api.w.org\/{rel}","templated":true}]}}