{"id":6390,"date":"2026-03-04T16:48:20","date_gmt":"2026-03-04T16:48:20","guid":{"rendered":"https:\/\/123-stuhlverleih.de\/?post_type=product&#038;p=6390"},"modified":"2026-03-04T16:48:24","modified_gmt":"2026-03-04T16:48:24","slug":"klappstuhl-comfort","status":"publish","type":"product","link":"https:\/\/123-stuhlverleih.de\/?product=klappstuhl-comfort","title":{"rendered":"Klappstuhl &#8222;Comfort&#8220;"},"content":{"rendered":"<p id=\"page-title\" class=\"title\">Klappstuhl, Konferenzstuhl, Tagungsstuhl &#8222;Comfort&#8220; , reihenverbindbar<\/p>\n<p><strong>Daten:<\/strong><br \/>\nSitzfl\u00e4che: bxt 42x43cm<br \/>\nSitzh\u00f6he: 45cm<br \/>\nLehnenh\u00f6he: 82cm<br \/>\nLehnenfl\u00e4che: bxh 49x25cm<\/p>\n<p><strong>Stuhlbreite mit Gestell: 50cm<\/strong><br \/>\nStuhlbreite mit Reihenverbinder: 55cm<br \/>\nStellfl\u00e4che : bxt 50x55cm<\/p>\n<div class=\"commerce-product-field commerce-product-field-field-verpackungseinheit field-field-verpackungseinheit node-5712-product-field-verpackungseinheit\">\n<div class=\"field field-name-field-verpackungseinheit field-type-number-integer field-label-above\">\n<div class=\"field-label\"><strong>Verpackungseinheit:\u00a0<\/strong><\/div>\n<div class=\"field-items\">\n<div class=\"field-item even\">1 St\u00fcck<\/div>\n<div><\/div>\n<\/div>\n<\/div>\n<\/div>\n<div class=\"commerce-product-field commerce-product-field-field-wiederbeschaffungskosten field-field-wiederbeschaffungskosten node-5712-product-field-wiederbeschaffungskosten\">\n<div class=\"field field-name-field-wiederbeschaffungskosten field-type-commerce-price field-label-above\">\n<div class=\"field-label\"><strong>Wiederbeschaffungskosten:\u00a0<\/strong><\/div>\n<div class=\"field-items\">\n<div class=\"field-item even\">49.00\u00a0\u20ac<\/div>\n<\/div>\n<\/div>\n<\/div>\n<div class=\"commerce-product-field commerce-product-field-field-auf-abbau field-field-auf-abbau node-5712-product-field-auf-abbau\">\n<div class=\"field field-name-field-auf-abbau field-type-list-text field-label-above\">\n<div><\/div>\n<div class=\"field-label\"><strong>Auf-\/Abbau:\u00a0<\/strong><\/div>\n<div class=\"field-items\">\n<div class=\"field-item even\">Artikel wird selbst aufgebaut<\/div>\n<\/div>\n<\/div>\n<\/div>\n","protected":false},"excerpt":{"rendered":"<p>Der Klappstuhl &#8222;Comfort&#8220; zeichnet sich durch seine einfache Handhabung im Auf-, Abbau und Transport aus, sowie durch eine breite R\u00fcckenlehne und eine ergonomische Sitzfl\u00e4che, die auch zu einem langen verweilen auf dem Klappstuhl Comfort- einl\u00e4dt.<\/p>\n<p>Der Klappstuhl ist Reihenverbindbar durch einfaches einklipsen der Komfortreihenverbinder &#8222;Easyclick&#8220;<\/p>\n<p>Der Klappstuhl kann auf nahezu jedem Untergrund aufgestellt werden. Durch die vier einzelnen Stuhlbeine, welche mit breiten Kunststoffkappen versehen sind, ist der Stuhl auch auf unebenem und weichem Untergrund standsicher platzierbar.<\/p>\n<p>Durch die ergonomische Sitzfl\u00e4che und bequeme R\u00fcckenlehne eignet er sich besonders f\u00fcr Veranstaltungen, die ein zeitlich l\u00e4ngeres verweilem auf dem Platz erfordern.<\/p>\n<p>Ein idealer Stuhl, Klappstuhl f\u00fcr Vortr\u00e4ge, Konferenzen, Tagungen, Schulungen in Reihenbestuhlung, Seminaren, sowie f\u00fcr Konzerte und Events aller Art, Indoor wie Outdoor.<\/p>\n","protected":false},"featured_media":6421,"template":"","meta":[],"product_brand":[],"product_cat":[100,186],"product_tag":[62,107,136],"class_list":{"0":"post-6390","1":"product","2":"type-product","3":"status-publish","4":"has-post-thumbnail","6":"product_cat-mietmobiliar","7":"product_cat-stuehle-mietmobiliar","8":"product_tag-furniture","9":"product_tag-office","10":"product_tag-vase","12":"first","13":"instock","14":"taxable","15":"shipping-taxable","16":"purchasable","17":"product-type-simple"},"_links":{"self":[{"href":"https:\/\/123-stuhlverleih.de\/index.php?rest_route=\/wp\/v2\/product\/6390","targetHints":{"allow":["GET"]}}],"collection":[{"href":"https:\/\/123-stuhlverleih.de\/index.php?rest_route=\/wp\/v2\/product"}],"about":[{"href":"https:\/\/123-stuhlverleih.de\/index.php?rest_route=\/wp\/v2\/types\/product"}],"wp:featuredmedia":[{"embeddable":true,"href":"https:\/\/123-stuhlverleih.de\/index.php?rest_route=\/wp\/v2\/media\/6421"}],"wp:attachment":[{"href":"https:\/\/123-stuhlverleih.de\/index.php?rest_route=%2Fwp%2Fv2%2Fmedia&parent=6390"}],"wp:term":[{"taxonomy":"product_brand","embeddable":true,"href":"https:\/\/123-stuhlverleih.de\/index.php?rest_route=%2Fwp%2Fv2%2Fproduct_brand&post=6390"},{"taxonomy":"product_cat","embeddable":true,"href":"https:\/\/123-stuhlverleih.de\/index.php?rest_route=%2Fwp%2Fv2%2Fproduct_cat&post=6390"},{"taxonomy":"product_tag","embeddable":true,"href":"https:\/\/123-stuhlverleih.de\/index.php?rest_route=%2Fwp%2Fv2%2Fproduct_tag&post=6390"}],"curies":[{"name":"wp","href":"https:\/\/api.w.org\/{rel}","templated":true}]}}