{"id":6398,"date":"2026-03-04T16:48:20","date_gmt":"2026-03-04T16:48:20","guid":{"rendered":"https:\/\/123-stuhlverleih.de\/?post_type=product&#038;p=6398"},"modified":"2026-03-04T16:48:49","modified_gmt":"2026-03-04T16:48:49","slug":"seminarstuhl-optimal-taplar","status":"publish","type":"product","link":"https:\/\/123-stuhlverleih.de\/?product=seminarstuhl-optimal-taplar","title":{"rendered":"Seminarstuhl &#8222;Optimal Taplar&#8220;"},"content":{"rendered":"<p>Kongressstuhl, Seminarstuhl, Konferenzstuhl, Stuhl, Polsterstuhl mit praktischer Schreibplatte mieten.<\/p>\n<p><strong>Abmessungen:<\/strong><\/p>\n<p>&#8211; Sitzh\u00f6he: 47 cm<br \/>\n&#8211; Sitzbreite: 44 cm<br \/>\n&#8211; Gesamth\u00f6he: 94 cm<br \/>\n&#8211; Tiefe: 58 cm<\/p>\n<p><strong>Verpackungseinheit<\/strong>:<br \/>\n1 St\u00fcck<\/p>\n<div class=\"commerce-product-field commerce-product-field-field-wiederbeschaffungskosten field-field-wiederbeschaffungskosten node-6176-product-field-wiederbeschaffungskosten\">\n<div class=\"field field-name-field-wiederbeschaffungskosten field-type-commerce-price field-label-above\">\n<div class=\"field-label\"><strong>Wiederbeschaffungskosten:\u00a0<\/strong><\/div>\n<div class=\"field-items\">\n<div class=\"field-item even\">89.00\u00a0\u20ac<\/div>\n<\/div>\n<\/div>\n<\/div>\n<div class=\"commerce-product-field commerce-product-field-field-gewicht field-field-gewicht node-6176-product-field-gewicht\">\n<div class=\"field field-name-field-gewicht field-type-number-decimal field-label-above\">\n<div class=\"field-items\">\n<div class=\"field-item even\"><\/div>\n<\/div>\n<\/div>\n<\/div>\n<div class=\"commerce-product-field commerce-product-field-field-aufbau-abbauzeit field-field-aufbau-abbauzeit node-6176-product-field-aufbau-abbauzeit commerce-product-field-empty\"><strong>Auf-\/Abbau:\u00a0<\/strong><\/div>\n<div class=\"commerce-product-field commerce-product-field-field-auf-abbau field-field-auf-abbau node-6176-product-field-auf-abbau\">\n<div class=\"field field-name-field-auf-abbau field-type-list-text field-label-above\">\n<div class=\"field-items\">\n<div class=\"field-item even\">Artikel wird selbst aufgebaut<\/div>\n<\/div>\n<\/div>\n<\/div>\n","protected":false},"excerpt":{"rendered":"<p><strong>Farbe:<\/strong> schwarz mit goldenen Punkten<\/p>\n<p>Die St\u00fchle sind an Sitzfl\u00e4che und R\u00fcckenlehne gepolstert und sind stapelbar. Das Gestell ist aus Vierkantstahl und der Polsterbezug aus Stoff<\/p>\n","protected":false},"featured_media":6458,"template":"","meta":[],"product_brand":[],"product_cat":[100,122],"product_tag":[62,107,136],"class_list":{"0":"post-6398","1":"product","2":"type-product","3":"status-publish","4":"has-post-thumbnail","6":"product_cat-mietmobiliar","7":"product_cat-stuehle","8":"product_tag-furniture","9":"product_tag-office","10":"product_tag-vase","12":"first","13":"instock","14":"taxable","15":"shipping-taxable","16":"purchasable","17":"product-type-simple"},"_links":{"self":[{"href":"https:\/\/123-stuhlverleih.de\/index.php?rest_route=\/wp\/v2\/product\/6398","targetHints":{"allow":["GET"]}}],"collection":[{"href":"https:\/\/123-stuhlverleih.de\/index.php?rest_route=\/wp\/v2\/product"}],"about":[{"href":"https:\/\/123-stuhlverleih.de\/index.php?rest_route=\/wp\/v2\/types\/product"}],"wp:featuredmedia":[{"embeddable":true,"href":"https:\/\/123-stuhlverleih.de\/index.php?rest_route=\/wp\/v2\/media\/6458"}],"wp:attachment":[{"href":"https:\/\/123-stuhlverleih.de\/index.php?rest_route=%2Fwp%2Fv2%2Fmedia&parent=6398"}],"wp:term":[{"taxonomy":"product_brand","embeddable":true,"href":"https:\/\/123-stuhlverleih.de\/index.php?rest_route=%2Fwp%2Fv2%2Fproduct_brand&post=6398"},{"taxonomy":"product_cat","embeddable":true,"href":"https:\/\/123-stuhlverleih.de\/index.php?rest_route=%2Fwp%2Fv2%2Fproduct_cat&post=6398"},{"taxonomy":"product_tag","embeddable":true,"href":"https:\/\/123-stuhlverleih.de\/index.php?rest_route=%2Fwp%2Fv2%2Fproduct_tag&post=6398"}],"curies":[{"name":"wp","href":"https:\/\/api.w.org\/{rel}","templated":true}]}}