{"id":6413,"date":"2026-03-04T16:48:21","date_gmt":"2026-03-04T16:48:21","guid":{"rendered":"https:\/\/123-stuhlverleih.de\/?post_type=product&#038;p=6413"},"modified":"2026-03-04T16:49:19","modified_gmt":"2026-03-04T16:49:19","slug":"protecttop-fuer-stehtischhusse-d-70-cm","status":"publish","type":"product","link":"https:\/\/123-stuhlverleih.de\/?product=protecttop-fuer-stehtischhusse-d-70-cm","title":{"rendered":"Protecttop f\u00fcr Stehtischhusse d 70 cm"},"content":{"rendered":"<p><strong>Farbe:<\/strong> transluzent<\/p>\n<p>Einteilig, passend f\u00fcr Stehtische mit 4 F\u00fc\u00dfen (nicht f\u00fcr Tische mit Scherengestell geeignet)<\/p>\n<p><strong>\u2028Material:<\/strong> PP\u2028Durchmesser: 70 cm\u2028Inklusive Endreinigung des Mietartikels bei normaler Verschmutzung.<\/p>\n<p>Zu mieten, Vermietung, Verleih, ab Lager W\u00fcrzburg, Frankfurt, N\u00fcrnberg, Stuttgart, M\u00fcnchen, K\u00f6ln Ideal f\u00fcr Hochzeit, Gala, Bankett, Event, Firmenveranstaltung&#8230;<\/p>\n<p><strong>Verpackungseinheit:\u00a0<\/strong><br \/>\n1 St\u00fcck<\/p>\n<p><strong>Wiederbeschaffungskosten:\u00a0<\/strong><br \/>\n25.00\u00a0\u20ac<\/p>\n<p><strong>Auf-\/Abbau:\u00a0<\/strong><br \/>\nArtikel wird selbst aufgebaut<\/p>\n","protected":false},"excerpt":{"rendered":"<p>Das Protecttop sch\u00fctzt die Stehtischhusse w\u00e4hrend der Veranstaltung vor Flecken (Getr\u00e4nke, Wachs, Kugelschreiber etc. Der Stehtisch kann trotz Husse w\u00e4hrend der Veranstaltung abgewischt werden und bietet so l\u00e4nger ein sauberes Erscheinungsbild:<\/p>\n","protected":false},"featured_media":6510,"template":"","meta":[],"product_brand":[],"product_cat":[163,100],"product_tag":[],"class_list":{"0":"post-6413","1":"product","2":"type-product","3":"status-publish","4":"has-post-thumbnail","6":"product_cat-hussen","7":"product_cat-mietmobiliar","9":"first","10":"instock","11":"taxable","12":"shipping-taxable","13":"purchasable","14":"product-type-simple"},"_links":{"self":[{"href":"https:\/\/123-stuhlverleih.de\/index.php?rest_route=\/wp\/v2\/product\/6413","targetHints":{"allow":["GET"]}}],"collection":[{"href":"https:\/\/123-stuhlverleih.de\/index.php?rest_route=\/wp\/v2\/product"}],"about":[{"href":"https:\/\/123-stuhlverleih.de\/index.php?rest_route=\/wp\/v2\/types\/product"}],"wp:featuredmedia":[{"embeddable":true,"href":"https:\/\/123-stuhlverleih.de\/index.php?rest_route=\/wp\/v2\/media\/6510"}],"wp:attachment":[{"href":"https:\/\/123-stuhlverleih.de\/index.php?rest_route=%2Fwp%2Fv2%2Fmedia&parent=6413"}],"wp:term":[{"taxonomy":"product_brand","embeddable":true,"href":"https:\/\/123-stuhlverleih.de\/index.php?rest_route=%2Fwp%2Fv2%2Fproduct_brand&post=6413"},{"taxonomy":"product_cat","embeddable":true,"href":"https:\/\/123-stuhlverleih.de\/index.php?rest_route=%2Fwp%2Fv2%2Fproduct_cat&post=6413"},{"taxonomy":"product_tag","embeddable":true,"href":"https:\/\/123-stuhlverleih.de\/index.php?rest_route=%2Fwp%2Fv2%2Fproduct_tag&post=6413"}],"curies":[{"name":"wp","href":"https:\/\/api.w.org\/{rel}","templated":true}]}}