{"id":6450,"date":"2026-03-04T16:48:44","date_gmt":"2026-03-04T16:48:44","guid":{"rendered":"https:\/\/123-stuhlverleih.de\/?post_type=product&#038;p=6450"},"modified":"2026-03-04T16:49:27","modified_gmt":"2026-03-04T16:49:27","slug":"bierbankhusse-stretch","status":"publish","type":"product","link":"https:\/\/123-stuhlverleih.de\/?product=bierbankhusse-stretch","title":{"rendered":"Bierbankhusse Stretch"},"content":{"rendered":"<p>Farbe wei\u00df.<br \/>\nStretchhusse in edler Optik und perfekter Passform verleiht allen Festzeltgarnituren die besondere Note.<br \/>\nGeeignet f\u00fcr alle B\u00e4nke mit 25 cm Breite und 220cm L\u00e4nge.<\/p>\n<div class=\"commerce-product-field commerce-product-field-field-verpackungseinheit field-field-verpackungseinheit node-5729-product-field-verpackungseinheit\">\n<div class=\"field field-name-field-verpackungseinheit field-type-number-integer field-label-above\">\n<div class=\"field-label\"><strong>Verpackungseinheit:\u00a0<\/strong><\/div>\n<div class=\"field-items\">\n<div class=\"field-item even\">1 St\u00fcck<\/div>\n<\/div>\n<\/div>\n<\/div>\n<div class=\"commerce-product-field commerce-product-field-field-wiederbeschaffungskosten field-field-wiederbeschaffungskosten node-5729-product-field-wiederbeschaffungskosten\">\n<div class=\"field field-name-field-wiederbeschaffungskosten field-type-commerce-price field-label-above\">\n<div><\/div>\n<div class=\"field-label\"><strong>Wiederbeschaffungskosten:\u00a0<\/strong><\/div>\n<div class=\"field-items\">\n<div class=\"field-item even\">25.00\u00a0\u20ac<\/div>\n<\/div>\n<\/div>\n<\/div>\n<div class=\"commerce-product-field commerce-product-field-field-gewicht field-field-gewicht node-5729-product-field-gewicht commerce-product-field-empty\"><\/div>\n<div class=\"commerce-product-field commerce-product-field-field-auf-abbau field-field-auf-abbau node-5729-product-field-auf-abbau\">\n<div class=\"field field-name-field-auf-abbau field-type-list-text field-label-above\">\n<div class=\"field-label\"><strong>Auf-\/Abbau:\u00a0<\/strong><\/div>\n<div class=\"field-items\">\n<div class=\"field-item even\">Artikel wird selbst aufgebaut<\/div>\n<\/div>\n<\/div>\n<\/div>\n","protected":false},"excerpt":{"rendered":"<p>Stretchhusse f\u00fcr die Bank einer Festzeltgarnitur<\/p>\n","protected":false},"featured_media":6524,"template":"","meta":[],"product_brand":[],"product_cat":[163,100],"product_tag":[],"class_list":{"0":"post-6450","1":"product","2":"type-product","3":"status-publish","4":"has-post-thumbnail","6":"product_cat-hussen","7":"product_cat-mietmobiliar","9":"first","10":"instock","11":"taxable","12":"shipping-taxable","13":"purchasable","14":"product-type-simple"},"_links":{"self":[{"href":"https:\/\/123-stuhlverleih.de\/index.php?rest_route=\/wp\/v2\/product\/6450","targetHints":{"allow":["GET"]}}],"collection":[{"href":"https:\/\/123-stuhlverleih.de\/index.php?rest_route=\/wp\/v2\/product"}],"about":[{"href":"https:\/\/123-stuhlverleih.de\/index.php?rest_route=\/wp\/v2\/types\/product"}],"wp:featuredmedia":[{"embeddable":true,"href":"https:\/\/123-stuhlverleih.de\/index.php?rest_route=\/wp\/v2\/media\/6524"}],"wp:attachment":[{"href":"https:\/\/123-stuhlverleih.de\/index.php?rest_route=%2Fwp%2Fv2%2Fmedia&parent=6450"}],"wp:term":[{"taxonomy":"product_brand","embeddable":true,"href":"https:\/\/123-stuhlverleih.de\/index.php?rest_route=%2Fwp%2Fv2%2Fproduct_brand&post=6450"},{"taxonomy":"product_cat","embeddable":true,"href":"https:\/\/123-stuhlverleih.de\/index.php?rest_route=%2Fwp%2Fv2%2Fproduct_cat&post=6450"},{"taxonomy":"product_tag","embeddable":true,"href":"https:\/\/123-stuhlverleih.de\/index.php?rest_route=%2Fwp%2Fv2%2Fproduct_tag&post=6450"}],"curies":[{"name":"wp","href":"https:\/\/api.w.org\/{rel}","templated":true}]}}