{"id":6648,"date":"2026-03-04T16:50:44","date_gmt":"2026-03-04T16:50:44","guid":{"rendered":"https:\/\/123-stuhlverleih.de\/?post_type=product&#038;p=6648"},"modified":"2026-03-04T16:51:08","modified_gmt":"2026-03-04T16:51:08","slug":"movinghead-led-rgb","status":"publish","type":"product","link":"https:\/\/123-stuhlverleih.de\/?product=movinghead-led-rgb","title":{"rendered":"Movinghead LED RGB"},"content":{"rendered":"<p>&#8218;- Lichtausbeute von 2400 Lumen<br \/>\n&#8211; Heller und enger Beam (13\u00b0 Abstrahlwinkel)<br \/>\n&#8211; Sanftes elektronisches Dimmverhalten<\/p>\n<p><strong>Verpackungseinheit: <\/strong><br \/>\n1 St\u00fcck<br \/>\n<strong>Wiederbeschaffungskosten: <\/strong><br \/>\n795.00 \u20ac<br \/>\n<strong>Gewicht: <\/strong><br \/>\n25.00 kg<br \/>\n<strong>Auf-\/Abbau: <\/strong><br \/>\nArtikel wird selbst aufgebaut&#8216;<\/p>\n","protected":false},"excerpt":{"rendered":"<p id=\"page-title\" class=\"title\">Movinghead LED RGB Wash mieten<\/p>\n<p>Kleiner, schneller und leistungsf\u00e4higer LED Movinghead f\u00fcr kleine und mittlere B\u00fchnen sowie Partys.<\/p>\n","protected":false},"featured_media":0,"template":"","meta":[],"product_brand":[],"product_cat":[166,98],"product_tag":[],"class_list":{"0":"post-6648","1":"product","2":"type-product","3":"status-publish","5":"product_cat-licht-lichtanlagen-lichtshow","6":"product_cat-licht-ton-und-buehnentechnik","8":"first","9":"instock","10":"taxable","11":"shipping-taxable","12":"purchasable","13":"product-type-simple"},"_links":{"self":[{"href":"https:\/\/123-stuhlverleih.de\/index.php?rest_route=\/wp\/v2\/product\/6648","targetHints":{"allow":["GET"]}}],"collection":[{"href":"https:\/\/123-stuhlverleih.de\/index.php?rest_route=\/wp\/v2\/product"}],"about":[{"href":"https:\/\/123-stuhlverleih.de\/index.php?rest_route=\/wp\/v2\/types\/product"}],"wp:attachment":[{"href":"https:\/\/123-stuhlverleih.de\/index.php?rest_route=%2Fwp%2Fv2%2Fmedia&parent=6648"}],"wp:term":[{"taxonomy":"product_brand","embeddable":true,"href":"https:\/\/123-stuhlverleih.de\/index.php?rest_route=%2Fwp%2Fv2%2Fproduct_brand&post=6648"},{"taxonomy":"product_cat","embeddable":true,"href":"https:\/\/123-stuhlverleih.de\/index.php?rest_route=%2Fwp%2Fv2%2Fproduct_cat&post=6648"},{"taxonomy":"product_tag","embeddable":true,"href":"https:\/\/123-stuhlverleih.de\/index.php?rest_route=%2Fwp%2Fv2%2Fproduct_tag&post=6648"}],"curies":[{"name":"wp","href":"https:\/\/api.w.org\/{rel}","templated":true}]}}