{"id":6805,"date":"2026-03-04T16:51:46","date_gmt":"2026-03-04T16:51:46","guid":{"rendered":"https:\/\/123-stuhlverleih.de\/?post_type=product&#038;p=6805"},"modified":"2026-03-04T16:52:02","modified_gmt":"2026-03-04T16:52:02","slug":"set-1x-brueckentisch-weiss-120x60-4x-barhocker-mit-lehne-weiss","status":"publish","type":"product","link":"https:\/\/123-stuhlverleih.de\/?product=set-1x-brueckentisch-weiss-120x60-4x-barhocker-mit-lehne-weiss","title":{"rendered":"Set 1x Br\u00fcckentisch wei\u00df 120&#215;60, 4x Barhocker mit Lehne wei\u00df"},"content":{"rendered":"<div class=\"commerce-product-field commerce-product-field-field-verpackungseinheit field-field-verpackungseinheit node-5701-product-field-verpackungseinheit\">\n<div class=\"field field-name-field-verpackungseinheit field-type-number-integer field-label-above\">\n<div class=\"field-label\"><strong>Verpackungseinheit:\u00a0<\/strong><\/div>\n<div class=\"field-items\">\n<div class=\"field-item even\">1 St\u00fcck<\/div>\n<\/div>\n<\/div>\n<\/div>\n<div class=\"commerce-product-field commerce-product-field-field-wiederbeschaffungskosten field-field-wiederbeschaffungskosten node-5701-product-field-wiederbeschaffungskosten\">\n<div class=\"field field-name-field-wiederbeschaffungskosten field-type-commerce-price field-label-above\">\n<div class=\"field-label\"><strong>Wiederbeschaffungskosten:\u00a0<\/strong><\/div>\n<div class=\"field-items\">\n<div class=\"field-item even\">759.00\u00a0\u20ac<\/div>\n<\/div>\n<\/div>\n<\/div>\n<div class=\"commerce-product-field commerce-product-field-field-gewicht field-field-gewicht node-5701-product-field-gewicht\">\n<div class=\"field field-name-field-gewicht field-type-number-decimal field-label-above\">\n<div class=\"field-label\"><strong>Gewicht:\u00a0<\/strong><\/div>\n<div class=\"field-items\">\n<div class=\"field-item even\">50.00 kg<\/div>\n<\/div>\n<\/div>\n<\/div>\n<div class=\"commerce-product-field commerce-product-field-field-auf-abbau field-field-auf-abbau node-5701-product-field-auf-abbau\">\n<div class=\"field field-name-field-auf-abbau field-type-list-text field-label-above\">\n<div class=\"field-label\"><strong>Auf-\/Abbau:\u00a0<\/strong><\/div>\n<div class=\"field-items\">\n<div class=\"field-item even\">Artikel wird selbst aufgebaut<\/div>\n<\/div>\n<\/div>\n<\/div>\n","protected":false},"excerpt":{"rendered":"<p>Set bestehend aus 4x Barhocker wei\u00df mit Lehne und 1x Br\u00fcckentisch\/Hochtisch Farbe weiss 120x60cm Barhocker:<br \/>\nProduktma\u00dfe getestet f\u00fcr: 100 kg<br \/>\nTiefe: 52 cm<br \/>\nSitzh\u00f6he: 77 cm<br \/>\nH\u00f6he: 100 cm<br \/>\nBreite: 50 cm <strong><br \/>\n<\/strong><\/p>\n<p><strong>Hochtisch\/Br\u00fcckentisch: <\/strong><br \/>\nFarbe: wei\u00df<br \/>\nH\u00f6he: 110cm<br \/>\nBreite: 120cm<br \/>\nTiefe: 60cm<br \/>\nMaterial Edelstahl\/ MDF lackiert\/funiert<\/p>\n","protected":false},"featured_media":6482,"template":"","meta":[],"product_brand":[],"product_cat":[63],"product_tag":[],"class_list":{"0":"post-6805","1":"product","2":"type-product","3":"status-publish","4":"has-post-thumbnail","6":"product_cat-sonderangebote","8":"first","9":"instock","10":"taxable","11":"shipping-taxable","12":"purchasable","13":"product-type-simple"},"_links":{"self":[{"href":"https:\/\/123-stuhlverleih.de\/index.php?rest_route=\/wp\/v2\/product\/6805","targetHints":{"allow":["GET"]}}],"collection":[{"href":"https:\/\/123-stuhlverleih.de\/index.php?rest_route=\/wp\/v2\/product"}],"about":[{"href":"https:\/\/123-stuhlverleih.de\/index.php?rest_route=\/wp\/v2\/types\/product"}],"wp:featuredmedia":[{"embeddable":true,"href":"https:\/\/123-stuhlverleih.de\/index.php?rest_route=\/wp\/v2\/media\/6482"}],"wp:attachment":[{"href":"https:\/\/123-stuhlverleih.de\/index.php?rest_route=%2Fwp%2Fv2%2Fmedia&parent=6805"}],"wp:term":[{"taxonomy":"product_brand","embeddable":true,"href":"https:\/\/123-stuhlverleih.de\/index.php?rest_route=%2Fwp%2Fv2%2Fproduct_brand&post=6805"},{"taxonomy":"product_cat","embeddable":true,"href":"https:\/\/123-stuhlverleih.de\/index.php?rest_route=%2Fwp%2Fv2%2Fproduct_cat&post=6805"},{"taxonomy":"product_tag","embeddable":true,"href":"https:\/\/123-stuhlverleih.de\/index.php?rest_route=%2Fwp%2Fv2%2Fproduct_tag&post=6805"}],"curies":[{"name":"wp","href":"https:\/\/api.w.org\/{rel}","templated":true}]}}