{"id":6809,"date":"2026-03-04T16:51:46","date_gmt":"2026-03-04T16:51:46","guid":{"rendered":"https:\/\/123-stuhlverleih.de\/?post_type=product&#038;p=6809"},"modified":"2026-03-04T16:52:19","modified_gmt":"2026-03-04T16:52:19","slug":"dj-komplett-set-ton-und-licht-fuer-veranstaltung-150-gaeste","status":"publish","type":"product","link":"https:\/\/123-stuhlverleih.de\/?product=dj-komplett-set-ton-und-licht-fuer-veranstaltung-150-gaeste","title":{"rendered":"DJ-Komplett Set Ton und Licht f\u00fcr Veranstaltung | 150 G\u00e4ste"},"content":{"rendered":"<p>Set bestehend aus:<\/p>\n<p><strong>PA:<\/strong><br \/>\n2x Topteil<br \/>\n2x Subwoofer<br \/>\n2x Distanzstange<br \/>\n1x Systemendstufe 2000 W<br \/>\n1x Kabelsatz<\/p>\n<p><strong>Signal:<\/strong><br \/>\n1x Mischpult<br \/>\n2x Cd-Player<br \/>\n1x Funkmicrofon<br \/>\n1x Anschlu\u00dfm\u00f6glichkeit f\u00fcr Laptop, MP3, Smartphone etc<br \/>\n1x Kabelsatz<\/p>\n<p><strong>Licht:<\/strong><br \/>\n2x Stativ<br \/>\n2x LED Scanner 25W<br \/>\n1x Nebelmaschine<br \/>\n1x IR Steuerung f\u00fcr Scanner<br \/>\n1x Kabelsatz<\/p>\n<div class=\"commerce-product-field commerce-product-field-field-verpackungseinheit field-field-verpackungseinheit node-5705-product-field-verpackungseinheit\">\n<div class=\"field field-name-field-verpackungseinheit field-type-number-integer field-label-above\">\n<div class=\"field-label\"><strong>Verpackungseinheit:\u00a0<\/strong><\/div>\n<div class=\"field-items\">\n<div class=\"field-item even\">1 St\u00fcck<\/div>\n<\/div>\n<\/div>\n<\/div>\n<div class=\"commerce-product-field commerce-product-field-field-wiederbeschaffungskosten field-field-wiederbeschaffungskosten node-5705-product-field-wiederbeschaffungskosten\">\n<div class=\"field field-name-field-wiederbeschaffungskosten field-type-commerce-price field-label-above\">\n<div class=\"field-label\"><strong>Wiederbeschaffungskosten:\u00a0<\/strong><\/div>\n<div class=\"field-items\">\n<div class=\"field-item even\">8,995.00\u00a0\u20ac<\/div>\n<\/div>\n<\/div>\n<\/div>\n<div class=\"commerce-product-field commerce-product-field-field-gewicht field-field-gewicht node-5705-product-field-gewicht\">\n<div class=\"field field-name-field-gewicht field-type-number-decimal field-label-above\">\n<div class=\"field-label\"><strong>Gewicht:\u00a0<\/strong><\/div>\n<div class=\"field-items\">\n<div class=\"field-item even\">250.00 kg<\/div>\n<\/div>\n<\/div>\n<\/div>\n<div class=\"commerce-product-field commerce-product-field-field-auf-abbau field-field-auf-abbau node-5705-product-field-auf-abbau\">\n<div class=\"field field-name-field-auf-abbau field-type-list-text field-label-above\">\n<div class=\"field-label\"><strong>Auf-\/Abbau:\u00a0<\/strong><\/div>\n<div class=\"field-items\">\n<div class=\"field-item even\">Artikel wird selbst aufgebaut<\/div>\n<\/div>\n<\/div>\n<\/div>\n","protected":false},"excerpt":{"rendered":"<p>Dj Set f\u00fcr Veranstaltungen bis 150 G\u00e4ste<\/p>\n<p>Hochwertiges und Leistungsstarkes DJ &#8211; Komplett Set f\u00fcr Veranstaltungen bis 150 G\u00e4ste.<\/p>\n","protected":false},"featured_media":0,"template":"","meta":[],"product_brand":[],"product_cat":[63],"product_tag":[],"class_list":{"0":"post-6809","1":"product","2":"type-product","3":"status-publish","5":"product_cat-sonderangebote","7":"first","8":"instock","9":"sale","10":"taxable","11":"shipping-taxable","12":"purchasable","13":"product-type-simple"},"_links":{"self":[{"href":"https:\/\/123-stuhlverleih.de\/index.php?rest_route=\/wp\/v2\/product\/6809","targetHints":{"allow":["GET"]}}],"collection":[{"href":"https:\/\/123-stuhlverleih.de\/index.php?rest_route=\/wp\/v2\/product"}],"about":[{"href":"https:\/\/123-stuhlverleih.de\/index.php?rest_route=\/wp\/v2\/types\/product"}],"wp:attachment":[{"href":"https:\/\/123-stuhlverleih.de\/index.php?rest_route=%2Fwp%2Fv2%2Fmedia&parent=6809"}],"wp:term":[{"taxonomy":"product_brand","embeddable":true,"href":"https:\/\/123-stuhlverleih.de\/index.php?rest_route=%2Fwp%2Fv2%2Fproduct_brand&post=6809"},{"taxonomy":"product_cat","embeddable":true,"href":"https:\/\/123-stuhlverleih.de\/index.php?rest_route=%2Fwp%2Fv2%2Fproduct_cat&post=6809"},{"taxonomy":"product_tag","embeddable":true,"href":"https:\/\/123-stuhlverleih.de\/index.php?rest_route=%2Fwp%2Fv2%2Fproduct_tag&post=6809"}],"curies":[{"name":"wp","href":"https:\/\/api.w.org\/{rel}","templated":true}]}}