{"id":6824,"date":"2026-03-04T16:52:17","date_gmt":"2026-03-04T16:52:17","guid":{"rendered":"https:\/\/123-stuhlverleih.de\/?post_type=product&#038;p=6824"},"modified":"2026-03-04T16:52:32","modified_gmt":"2026-03-04T16:52:32","slug":"set-tontechnik-fuer-reden-lesung-und-praesentation-hintergrundbeschallung-bis-150gaeste","status":"publish","type":"product","link":"https:\/\/123-stuhlverleih.de\/?product=set-tontechnik-fuer-reden-lesung-und-praesentation-hintergrundbeschallung-bis-150gaeste","title":{"rendered":"Set Tontechnik f\u00fcr Reden, Lesung und Pr\u00e4sentation, Hintergrundbeschallung bis 150G\u00e4ste"},"content":{"rendered":"","protected":false},"excerpt":{"rendered":"","protected":false},"featured_media":0,"template":"","meta":[],"product_brand":[],"product_cat":[63],"product_tag":[],"class_list":{"0":"post-6824","1":"product","2":"type-product","3":"status-publish","5":"product_cat-sonderangebote","7":"first","8":"instock","9":"taxable","10":"shipping-taxable","11":"purchasable","12":"product-type-simple"},"_links":{"self":[{"href":"https:\/\/123-stuhlverleih.de\/index.php?rest_route=\/wp\/v2\/product\/6824","targetHints":{"allow":["GET"]}}],"collection":[{"href":"https:\/\/123-stuhlverleih.de\/index.php?rest_route=\/wp\/v2\/product"}],"about":[{"href":"https:\/\/123-stuhlverleih.de\/index.php?rest_route=\/wp\/v2\/types\/product"}],"wp:attachment":[{"href":"https:\/\/123-stuhlverleih.de\/index.php?rest_route=%2Fwp%2Fv2%2Fmedia&parent=6824"}],"wp:term":[{"taxonomy":"product_brand","embeddable":true,"href":"https:\/\/123-stuhlverleih.de\/index.php?rest_route=%2Fwp%2Fv2%2Fproduct_brand&post=6824"},{"taxonomy":"product_cat","embeddable":true,"href":"https:\/\/123-stuhlverleih.de\/index.php?rest_route=%2Fwp%2Fv2%2Fproduct_cat&post=6824"},{"taxonomy":"product_tag","embeddable":true,"href":"https:\/\/123-stuhlverleih.de\/index.php?rest_route=%2Fwp%2Fv2%2Fproduct_tag&post=6824"}],"curies":[{"name":"wp","href":"https:\/\/api.w.org\/{rel}","templated":true}]}}