{"id":6836,"date":"2026-03-04T16:52:18","date_gmt":"2026-03-04T16:52:18","guid":{"rendered":"https:\/\/123-stuhlverleih.de\/?post_type=product&#038;p=6836"},"modified":"2026-03-04T16:53:12","modified_gmt":"2026-03-04T16:53:12","slug":"set-stuhl-mit-husse-stretch-schwarz","status":"publish","type":"product","link":"https:\/\/123-stuhlverleih.de\/?product=set-stuhl-mit-husse-stretch-schwarz","title":{"rendered":"Set Stuhl mit Husse \u201eStretch\u201c schwarz"},"content":{"rendered":"","protected":false},"excerpt":{"rendered":"<div class=\"col-12 pdp-details-item__title ng-star-inserted\">\n<p><strong>Hier bekommen Sie den Bankettstuhl und die passende Stuhlhusse\u00a0 als Set bestehend aus:<\/strong><\/p>\n<p><strong>Bankettstuhl <\/strong><br \/>\n<strong>Kongressstuhl, Seminarstuhl, Konferenzstuhl, Stuhl, Polsterstuhl<\/strong><\/p>\n<p>Abmessungen:<br \/>\n&#8211; Sitzh\u00f6he: 47 cm<br \/>\n&#8211; Sitzbreite: 44 cm<br \/>\n&#8211; Gesamth\u00f6he: 94 cm<br \/>\n&#8211; Tiefe: 58 cm<\/p>\n<p>Farbe: schwarz mit goldenen Punkten<\/p>\n<p>Die St\u00fchle sind an Sitzfl\u00e4che und R\u00fcckenlehne gepolstert und sind stapelbar. Das Gestell ist aus vierkantstahl und der Polsterbezug aus Stoff<\/p>\n<p>&nbsp;<\/p>\n<\/div>\n<div class=\"col-12 pdp-details-item__content\">\n<div class=\"expandable-item\">\n<div class=\"wrapper\">\n<div>\n<p><strong>Stuhlhusse <\/strong><\/p>\n<p>Farbe: schwarz<\/p>\n<p>Material: Polyester, Elastan<\/p>\n<p>Stuhlhusse passt \u00fcber fast alle St\u00fchle mit runder oder eckiger Lehne, ohne Armlehne. Wir haben auch passende Schleifenb\u00e4nder zu den Hussen, fragen Sie nach.<\/p>\n<p>Inklusive Endreinigung der Mietartikel bei normaler Verschmutzung und Versand bei Anmietung von mindestens 60 St\u00fcck.<\/p>\n<p>Bei unseren Preisen handelt es sich immer um Bruttopreise (inkl. 19% MwSt)<\/p>\n<p>Gerne erstellen wir Ihnen ein Angebot f\u00fcr den Versand, wenn Sie weniger als 60 St\u00fcck ben\u00f6tigen.<\/p>\n<p>Desweiteren finden Sie viele weitere Mietartikel auf unserer Seite. \u00a0Wie zum Beispiel Projektionstechnik Beamer und Leinw\u00e4nde, Loungem\u00f6bel, Indoor- und Outdoorbeleuchtung, Objektbeleuchtung, Faltzelte, Zelte, Licht- und Tontechnik. Fragen Sie nach!!!<\/p>\n<\/div>\n<\/div>\n<\/div>\n<\/div>\n","protected":false},"featured_media":6872,"template":"","meta":[],"product_brand":[],"product_cat":[63,163,122],"product_tag":[],"class_list":{"0":"post-6836","1":"product","2":"type-product","3":"status-publish","4":"has-post-thumbnail","6":"product_cat-sonderangebote","7":"product_cat-hussen","8":"product_cat-stuehle","10":"first","11":"instock","12":"sale","13":"taxable","14":"shipping-taxable","15":"purchasable","16":"product-type-simple"},"_links":{"self":[{"href":"https:\/\/123-stuhlverleih.de\/index.php?rest_route=\/wp\/v2\/product\/6836","targetHints":{"allow":["GET"]}}],"collection":[{"href":"https:\/\/123-stuhlverleih.de\/index.php?rest_route=\/wp\/v2\/product"}],"about":[{"href":"https:\/\/123-stuhlverleih.de\/index.php?rest_route=\/wp\/v2\/types\/product"}],"wp:featuredmedia":[{"embeddable":true,"href":"https:\/\/123-stuhlverleih.de\/index.php?rest_route=\/wp\/v2\/media\/6872"}],"wp:attachment":[{"href":"https:\/\/123-stuhlverleih.de\/index.php?rest_route=%2Fwp%2Fv2%2Fmedia&parent=6836"}],"wp:term":[{"taxonomy":"product_brand","embeddable":true,"href":"https:\/\/123-stuhlverleih.de\/index.php?rest_route=%2Fwp%2Fv2%2Fproduct_brand&post=6836"},{"taxonomy":"product_cat","embeddable":true,"href":"https:\/\/123-stuhlverleih.de\/index.php?rest_route=%2Fwp%2Fv2%2Fproduct_cat&post=6836"},{"taxonomy":"product_tag","embeddable":true,"href":"https:\/\/123-stuhlverleih.de\/index.php?rest_route=%2Fwp%2Fv2%2Fproduct_tag&post=6836"}],"curies":[{"name":"wp","href":"https:\/\/api.w.org\/{rel}","templated":true}]}}